{"id":22312,"date":"2020-04-23T06:56:41","date_gmt":"2020-04-23T06:56:41","guid":{"rendered":"http:\/\/prospektusnyomda.hu\/?page_id=22312"},"modified":"2020-06-19T08:25:25","modified_gmt":"2020-06-19T08:25:25","slug":"cegtortenet","status":"publish","type":"page","link":"https:\/\/prospektusnyomda.hu\/de\/cegtortenet\/","title":{"rendered":"C\u00e9gt\u00f6rt\u00e9net"},"content":{"rendered":"<div class=\"wpb-content-wrapper\"><section class=\"vc_row wpb_row vc_row-fluid  vc_custom_1587627681691 vc_row-has-fill\"><div class=\"bg-extra-dark-gray bg-overlay\" style=\"opacity:0.8; background-color:#000000; \"><\/div><div class=\"wpb_column vc_column_container  col-xs-mobile-fullwidth\"><div class=\"vc_column-inner \"><div class=\"wpb_wrapper\"><div class=\"last-paragraph-no-margin\">\n<\/div><\/div><\/div><\/div><\/section>\n<\/div>","protected":false},"excerpt":{"rendered":"","protected":false},"author":1,"featured_media":0,"parent":0,"menu_order":0,"comment_status":"closed","ping_status":"closed","template":"","meta":{"om_disable_all_campaigns":false,"rs_blank_template":"","rs_page_bg_color":"","slide_template_v7":"","_monsterinsights_skip_tracking":false,"_monsterinsights_sitenote_active":false,"_monsterinsights_sitenote_note":"","_monsterinsights_sitenote_category":0,"footnotes":""},"class_list":["post-22312","page","type-page","status-publish","hentry"],"translation":{"provider":"WPGlobus","version":"3.0.2","language":"de","enabled_languages":["hu","gb","de"],"languages":{"hu":{"title":true,"content":true,"excerpt":false},"gb":{"title":false,"content":false,"excerpt":false},"de":{"title":false,"content":false,"excerpt":false}}},"aioseo_notices":[],"_links":{"self":[{"href":"https:\/\/prospektusnyomda.hu\/de\/wp-json\/wp\/v2\/pages\/22312","targetHints":{"allow":["GET"]}}],"collection":[{"href":"https:\/\/prospektusnyomda.hu\/de\/wp-json\/wp\/v2\/pages"}],"about":[{"href":"https:\/\/prospektusnyomda.hu\/de\/wp-json\/wp\/v2\/types\/page"}],"author":[{"embeddable":true,"href":"https:\/\/prospektusnyomda.hu\/de\/wp-json\/wp\/v2\/users\/1"}],"replies":[{"embeddable":true,"href":"https:\/\/prospektusnyomda.hu\/de\/wp-json\/wp\/v2\/comments?post=22312"}],"version-history":[{"count":4,"href":"https:\/\/prospektusnyomda.hu\/de\/wp-json\/wp\/v2\/pages\/22312\/revisions"}],"predecessor-version":[{"id":22328,"href":"https:\/\/prospektusnyomda.hu\/de\/wp-json\/wp\/v2\/pages\/22312\/revisions\/22328"}],"wp:attachment":[{"href":"https:\/\/prospektusnyomda.hu\/de\/wp-json\/wp\/v2\/media?parent=22312"}],"curies":[{"name":"wp","href":"https:\/\/api.w.org\/{rel}","templated":true}]}}