{"id":22505,"date":"2020-05-06T06:22:30","date_gmt":"2020-05-06T06:22:30","guid":{"rendered":"http:\/\/prospektusnyomda.hu\/?page_id=22505"},"modified":"2025-11-17T14:18:12","modified_gmt":"2025-11-17T14:18:12","slug":"ev-zold-nyomdaja","status":"publish","type":"page","link":"https:\/\/prospektusnyomda.hu\/de\/ev-zold-nyomdaja\/","title":{"rendered":"Gr\u00fcne Auszeichnungen der Druckerei"},"content":{"rendered":"<div class=\"wpb-content-wrapper\"><section class=\"vc_row wpb_row vc_row-fluid\"><div class=\"wpb_column vc_column_container vc_col-sm-12  col-xs-mobile-fullwidth\"><div class=\"vc_column-inner \"><div class=\"wpb_wrapper\"><div class=\"last-paragraph-no-margin\"><p style=\"text-align: center;\">Wir sind stolz darauf, dass wir auch in 2019 \u2013 bereits zum 5-en mal \u2013 die Auszeichnung GPwA ( Green Printing Award ) Gr\u00fcne Druckerei des Jahres erhalten haben. Umweltfreunliches Handeln bestimmen den ganzen Produktionsprozess, deswegen sind wir auch gem\u00e4ss dem neuen ISO 14001:2015 zertifiziert, welches jedes Jahr erneuert wird.<\/p>\n<\/div>[vc_empty_space]<div class=\"vc_row wpb_row vc_inner vc_row-fluid  vc_custom_1587630743895 vc_row-has-fill vc_column-gap-35\"><div class=\"wpb_column vc_column_container vc_col-sm-4  col-xs-mobile-fullwidth\"><div class=\"vc_column-inner \"><div class=\"wpb_wrapper\">[vc_single_image image=&#8221;23414&#8243; img_size=&#8221;full&#8221; alignment=&#8221;center&#8221; css=&#8221;&#8221;]<\/div><\/div><\/div><div class=\"wpb_column vc_column_container vc_col-sm-4  col-xs-mobile-fullwidth\"><div class=\"vc_column-inner \"><div class=\"wpb_wrapper\">[vc_single_image image=&#8221;23385&#8243; img_size=&#8221;full&#8221; alignment=&#8221;center&#8221; css=&#8221;&#8221;]<\/div><\/div><\/div><div class=\"wpb_column vc_column_container vc_col-sm-4  col-xs-mobile-fullwidth\"><div class=\"vc_column-inner \"><div class=\"wpb_wrapper\">[vc_single_image image=&#8221;23382&#8243; img_size=&#8221;full&#8221; alignment=&#8221;center&#8221; css=&#8221;&#8221;]<\/div><\/div><\/div><\/div><div class=\"vc_row wpb_row vc_inner vc_row-fluid  vc_custom_1587630743895 vc_row-has-fill vc_column-gap-35\"><div class=\"wpb_column vc_column_container vc_col-sm-4  col-xs-mobile-fullwidth\"><div class=\"vc_column-inner \"><div class=\"wpb_wrapper\">[vc_single_image image=&#8221;23258&#8243; img_size=&#8221;full&#8221; alignment=&#8221;center&#8221; css=&#8221;&#8221;]<\/div><\/div><\/div><div class=\"wpb_column vc_column_container vc_col-sm-4  col-xs-mobile-fullwidth\"><div class=\"vc_column-inner \"><div class=\"wpb_wrapper\">[vc_single_image image=&#8221;23148&#8243; img_size=&#8221;full&#8221; alignment=&#8221;center&#8221; css=&#8221;&#8221;]<\/div><\/div><\/div><div class=\"wpb_column vc_column_container vc_col-sm-4  col-xs-mobile-fullwidth\"><div class=\"vc_column-inner \"><div class=\"wpb_wrapper\">[vc_single_image image=&#8221;22367&#8243; img_size=&#8221;full&#8221; alignment=&#8221;center&#8221; css=&#8221;&#8221;]<\/div><\/div><\/div><\/div><div class=\"vc_row wpb_row vc_inner vc_row-fluid  vc_custom_1587630747597 vc_row-has-fill vc_column-gap-35\"><div class=\"wpb_column vc_column_container vc_col-sm-4  col-xs-mobile-fullwidth\"><div class=\"vc_column-inner \"><div class=\"wpb_wrapper\">[vc_single_image image=&#8221;22366&#8243; img_size=&#8221;full&#8221; alignment=&#8221;center&#8221; css=&#8221;&#8221;]<\/div><\/div><\/div><div class=\"wpb_column vc_column_container vc_col-sm-4  col-xs-mobile-fullwidth\"><div class=\"vc_column-inner \"><div class=\"wpb_wrapper\">[vc_single_image image=&#8221;22365&#8243; img_size=&#8221;full&#8221; alignment=&#8221;center&#8221; css=&#8221;&#8221;]<\/div><\/div><\/div><div class=\"wpb_column vc_column_container vc_col-sm-4  col-xs-mobile-fullwidth\"><div class=\"vc_column-inner \"><div class=\"wpb_wrapper\">[vc_single_image image=&#8221;22369&#8243; img_size=&#8221;full&#8221; alignment=&#8221;center&#8221; css=&#8221;&#8221;]<\/div><\/div><\/div><\/div><div class=\"vc_row wpb_row vc_inner vc_row-fluid  vc_custom_1587630747597 vc_row-has-fill vc_column-gap-35\"><div class=\"wpb_column vc_column_container vc_col-sm-4  col-xs-mobile-fullwidth\"><div class=\"vc_column-inner \"><div class=\"wpb_wrapper\">[vc_single_image image=&#8221;22368&#8243; img_size=&#8221;full&#8221; alignment=&#8221;center&#8221; css=&#8221;&#8221;]<\/div><\/div><\/div><div class=\"wpb_column vc_column_container vc_col-sm-4  col-xs-mobile-fullwidth\"><div class=\"vc_column-inner \"><div class=\"wpb_wrapper\"><\/div><\/div><\/div><div class=\"wpb_column vc_column_container vc_col-sm-4  col-xs-mobile-fullwidth\"><div class=\"vc_column-inner \"><div class=\"wpb_wrapper\"><\/div><\/div><\/div><\/div><\/div><\/div><\/div><\/section>\n<\/div>","protected":false},"excerpt":{"rendered":"{:hu}B\u00fcszk\u00e9k vagyunk r\u00e1, hogy a k\u00f6rnyezet v\u00e9delm\u00e9ben tett er\u0151fesz\u00edt\u00e9seink elismer\u00e9s\u00e9\u00fcl 2023-ban, imm\u00e1r kilencedik alkalommal elnyert\u00fck a GPwA (Green Printworld Award) p\u00e1ly\u00e1zat \"\u00c9v Z\u00f6ld Nyomd\u00e1ja\" oklevelet. A k\u00f6rnyezet kiemelt v\u00e9delm\u00e9nek \u00e9rdek\u00e9ben ez a filoz\u00f3fia a gy\u00e1rt\u00e1si folyamatainkat is v\u00e9gigk\u00eds\u00e9ri. Ezzel \u00f6sszef\u00fcgg\u00e9sben nyomd\u00e1nk minden \u00e9vben sikeresen audit\u00e1ltatta mag\u00e1t az \u00faj MSZ EN ISO 14001:2015 k\u00f6rnyezetk\u00f6zpont\u00fa ir\u00e1ny\u00edt\u00e1si rendszer szabv\u00e1nya szerint. [vc_empty_space][vc_single_image image=\"23444\" img_size=\"full\" alignment=\"center\" css=\"\"][vc_single_image image=\"23414\" img_size=\"full\" alignment=\"center\" css=\"\"][vc_single_image image=\"23385\" img_size=\"full\" alignment=\"center\"][vc_single_image image=\"23382\" img_size=\"full\" alignment=\"center\"][vc_single_image image=\"23258\" img_size=\"full\" alignment=\"center\"][vc_single_image image=\"23148\" img_size=\"full\" alignment=\"center\"][vc_single_image image=\"22367\" img_size=\"full\" alignment=\"center\"][vc_single_image image=\"22366\" img_size=\"full\" alignment=\"center\"][vc_single_image image=\"22365\" img_size=\"full\" alignment=\"center\"][vc_single_image image=\"22369\" img_size=\"full\" alignment=\"center\"][vc_single_image image=\"22368\" img_size=\"full\" alignment=\"center\"]{:}{:gb}We are proud to have been awarded the GPwA (Green Printworld Award) for the fifth time in 2019 in recognition of our efforts to protect the environment. In order to give priority to the protection of the environment, this philosophy also accompanies our production processes. In this context, our printing house successfully audited every year according to the standard of the ISO 14001:2015 environmental management system. [vc_empty_space][vc_single_image image=\"23148\" img_size=\"full\" alignment=\"center\"][vc_single_image image=\"22367\" img_size=\"full\" alignment=\"center\"][vc_single_image image=\"22366\" img_size=\"full\" alignment=\"center\"][vc_single_image image=\"22365\" img_size=\"full\" alignment=\"center\"][vc_single_image image=\"22369\" img_size=\"full\" alignment=\"center\"][vc_single_image image=\"22368\" img_size=\"full\" alignment=\"center\"]{:}{:de}Wir sind stolz darauf, dass wir auch in 2019 \u2013 bereits zum 5-en mal \u2013 die Auszeichnung GPwA ( Green Printing Award ) Gr\u00fcne...","protected":false},"author":1,"featured_media":0,"parent":0,"menu_order":0,"comment_status":"closed","ping_status":"closed","template":"","meta":{"om_disable_all_campaigns":false,"rs_blank_template":"","rs_page_bg_color":"","slide_template_v7":"","_monsterinsights_skip_tracking":false,"_monsterinsights_sitenote_active":false,"_monsterinsights_sitenote_note":"","_monsterinsights_sitenote_category":0,"footnotes":""},"class_list":["post-22505","page","type-page","status-publish","hentry"],"translation":{"provider":"WPGlobus","version":"3.0.2","language":"de","enabled_languages":["hu","gb","de"],"languages":{"hu":{"title":true,"content":true,"excerpt":false},"gb":{"title":true,"content":true,"excerpt":false},"de":{"title":true,"content":true,"excerpt":false}}},"aioseo_notices":[],"_links":{"self":[{"href":"https:\/\/prospektusnyomda.hu\/de\/wp-json\/wp\/v2\/pages\/22505","targetHints":{"allow":["GET"]}}],"collection":[{"href":"https:\/\/prospektusnyomda.hu\/de\/wp-json\/wp\/v2\/pages"}],"about":[{"href":"https:\/\/prospektusnyomda.hu\/de\/wp-json\/wp\/v2\/types\/page"}],"author":[{"embeddable":true,"href":"https:\/\/prospektusnyomda.hu\/de\/wp-json\/wp\/v2\/users\/1"}],"replies":[{"embeddable":true,"href":"https:\/\/prospektusnyomda.hu\/de\/wp-json\/wp\/v2\/comments?post=22505"}],"version-history":[{"count":19,"href":"https:\/\/prospektusnyomda.hu\/de\/wp-json\/wp\/v2\/pages\/22505\/revisions"}],"predecessor-version":[{"id":23464,"href":"https:\/\/prospektusnyomda.hu\/de\/wp-json\/wp\/v2\/pages\/22505\/revisions\/23464"}],"wp:attachment":[{"href":"https:\/\/prospektusnyomda.hu\/de\/wp-json\/wp\/v2\/media?parent=22505"}],"curies":[{"name":"wp","href":"https:\/\/api.w.org\/{rel}","templated":true}]}}