{"id":22507,"date":"2020-05-06T06:22:50","date_gmt":"2020-05-06T06:22:50","guid":{"rendered":"http:\/\/prospektusnyomda.hu\/?page_id=22507"},"modified":"2025-11-17T14:19:00","modified_gmt":"2025-11-17T14:19:00","slug":"kornyezetbarat-megoldasok","status":"publish","type":"page","link":"https:\/\/prospektusnyomda.hu\/de\/kornyezetbarat-megoldasok\/","title":{"rendered":"Umweltfreundliche L\u00f6sungen"},"content":{"rendered":"<div class=\"wpb-content-wrapper\"><section class=\"vc_row wpb_row vc_row-fluid\"><div class=\"wpb_column vc_column_container vc_col-sm-12  col-xs-mobile-fullwidth\"><div class=\"vc_column-inner \"><div class=\"wpb_wrapper\"><div class=\"last-paragraph-no-margin\"><p style=\"text-align: center;\">Veredelung bei Umschl\u00e4gen oder Verpackungen anstatt einer Folie mit dem UV Effektlack<\/p>\n<p style=\"text-align: center;\">Herstellung auf recycelten Papieren und Kartons<\/p>\n<p style=\"text-align: center;\">Farben Kobalt- und Mineral\u00f6lfrei<\/p>\n<p style=\"text-align: center;\">Auswahl an Verbrauchsmaterial gem\u00e4ss ISO 14001<\/p>\n<p style=\"text-align: center;\">Als Teil des Druck-Verbandes im Land auch bei internationalen Kampagnen aktiv<\/p>\n<p style=\"text-align: center;\">( <a href=\"http:\/\/www.twosides.info\">www.twosides.info<\/a> )<\/p>\n<\/div><\/div><\/div><\/div><\/section>\n<\/div>","protected":false},"excerpt":{"rendered":"{:hu}A kiadv\u00e1nyok \u00e9s dobozok eset\u00e9ben a f\u00f3li\u00e1z\u00e1s kiv\u00e1lt\u00e1sa effekt lakkoz\u00e1ssal Recycling kartonok, pap\u00edrok alkalmaz\u00e1sa a term\u00e9kek gy\u00e1rt\u00e1sa eset\u00e9n \u00c1sv\u00e1nyi olaj \u00e9s kobalt mentes fest\u00e9kek alkalmaz\u00e1sa Az ISO 14001 szabv\u00e1ny szempontrendszere szerint kiv\u00e1lasztott seg\u00e9danyagok A Nyomda- \u00e9s Pap\u00edripari Sz\u00f6vets\u00e9g tagjak\u00e9nt egy\u00fcttm\u0171k\u00f6d\u00fcnk a nemzetk\u00f6zi kamp\u00e1nyokban is: https:\/\/www.twosides.info\/ {:}{:gb}In the case of publications and folding boxes, the replacement of foiling by effect varnishing Use of recycling cardboards and papers in the production Application of mineral oil-free and cobalt-free inks Auxiliary materials selected according to the criteria of the ISO 14001 standard As a member of the Federation of Hungarian Printers and Papermakers (Fedprint), we also cooperate in international campaigns: https:\/\/www.twosides.info\/ {:}{:de}Veredelung bei Umschl\u00e4gen oder Verpackungen anstatt einer Folie mit dem UV Effektlack Herstellung auf recycelten Papieren und Kartons Farben Kobalt- und Mineral\u00f6lfrei Auswahl an Verbrauchsmaterial gem\u00e4ss ISO 14001 Als Teil des Druck-Verbandes im Land auch bei internationalen Kampagnen aktiv ( www.twosides.info ) {:}","protected":false},"author":1,"featured_media":0,"parent":0,"menu_order":0,"comment_status":"closed","ping_status":"closed","template":"","meta":{"om_disable_all_campaigns":false,"rs_blank_template":"","rs_page_bg_color":"","slide_template_v7":"","_monsterinsights_skip_tracking":false,"_monsterinsights_sitenote_active":false,"_monsterinsights_sitenote_note":"","_monsterinsights_sitenote_category":0,"footnotes":""},"class_list":["post-22507","page","type-page","status-publish","hentry"],"translation":{"provider":"WPGlobus","version":"3.0.2","language":"de","enabled_languages":["hu","gb","de"],"languages":{"hu":{"title":true,"content":true,"excerpt":false},"gb":{"title":true,"content":true,"excerpt":false},"de":{"title":true,"content":true,"excerpt":false}}},"aioseo_notices":[],"_links":{"self":[{"href":"https:\/\/prospektusnyomda.hu\/de\/wp-json\/wp\/v2\/pages\/22507","targetHints":{"allow":["GET"]}}],"collection":[{"href":"https:\/\/prospektusnyomda.hu\/de\/wp-json\/wp\/v2\/pages"}],"about":[{"href":"https:\/\/prospektusnyomda.hu\/de\/wp-json\/wp\/v2\/types\/page"}],"author":[{"embeddable":true,"href":"https:\/\/prospektusnyomda.hu\/de\/wp-json\/wp\/v2\/users\/1"}],"replies":[{"embeddable":true,"href":"https:\/\/prospektusnyomda.hu\/de\/wp-json\/wp\/v2\/comments?post=22507"}],"version-history":[{"count":6,"href":"https:\/\/prospektusnyomda.hu\/de\/wp-json\/wp\/v2\/pages\/22507\/revisions"}],"predecessor-version":[{"id":23072,"href":"https:\/\/prospektusnyomda.hu\/de\/wp-json\/wp\/v2\/pages\/22507\/revisions\/23072"}],"wp:attachment":[{"href":"https:\/\/prospektusnyomda.hu\/de\/wp-json\/wp\/v2\/media?parent=22507"}],"curies":[{"name":"wp","href":"https:\/\/api.w.org\/{rel}","templated":true}]}}