{"id":22509,"date":"2020-05-06T06:23:02","date_gmt":"2020-05-06T06:23:02","guid":{"rendered":"http:\/\/prospektusnyomda.hu\/?page_id=22509"},"modified":"2020-08-31T11:27:24","modified_gmt":"2020-08-31T11:27:24","slug":"carbon-online","status":"publish","type":"page","link":"https:\/\/prospektusnyomda.hu\/de\/carbon-online\/","title":{"rendered":"Carbon Online"},"content":{"rendered":"<div class=\"wpb-content-wrapper\"><section class=\"vc_row wpb_row vc_row-fluid\"><div class=\"wpb_column vc_column_container vc_col-sm-12  col-xs-mobile-fullwidth\"><div class=\"vc_column-inner \"><div class=\"wpb_wrapper\"><div class=\"last-paragraph-no-margin\"><p style=\"text-align: center;\">Das weltweite Internet und das Betreiben der Webseiten ben\u00f6tigt eine ganze Menge Energie. Wir m\u00f6chten einen positive Beitrag zum Klimawandel leisten und haben deswegen den CO2 Ausstoss unsere Webseite mit Gr\u00fcnprojekten ausgeglichen. Damit arbeitet unsere Webseite klimaneutral und ist Umweltfreundlich. Unsere Firma nimmt die globale Erderw\u00e4rmung sehr ernst und hat deswegen den CO2 Fu\u00dfabdruck der Webseite berechnen lassen. Mit gezielten Gr\u00fcnprojekten gleichen wir diese aus und hoffen auf Nachahmer aus unserem Lieferanten- und Kundenkreis. Wir bieten auch f\u00fcr unsere Kunden einen klimaneutralen Druck an.<\/p>\n<\/div>[vc_single_image image=&#8221;22390&#8243; img_size=&#8221;full&#8221; alignment=&#8221;center&#8221; onclick=&#8221;link_image&#8221;]<\/div><\/div><\/div><\/section>\n<\/div>","protected":false},"excerpt":{"rendered":"{:hu}A vil\u00e1g internet h\u00e1l\u00f3zat\u00e1nak m\u0171k\u00f6d\u00e9s\u00e9hez \u00e9s a m\u00f6g\u00f6tte l\u00e9v\u0151 weboldalak megjelen\u00edt\u00e9s\u00e9hez hatalmas energia sz\u00fcks\u00e9ges. Felismert\u00fck, hogy sz\u00fcks\u00e9g van pozit\u00edv tettekre, ez\u00e9rt weboldalunk kibocs\u00e1t\u00e1sait olyan projektek t\u00e1mogat\u00e1s\u00e1val ellent\u00e9telezt\u00fck, melyek kibocs\u00e1t\u00e1s cs\u00f6kkent\u00e9st realiz\u00e1lnak. Ezzel weboldal \u00fczemeltet\u00e9s\u00fcnk semleges, k\u00f6rnyezeti hat\u00e1sa neutr\u00e1lis. Ezzel jelent\u0151s l\u00e9p\u00e9st tett\u00fcnk a fenntarthat\u00f3s\u00e1g \u00e9rdek\u00e9ben. C\u00e9g\u00fcnk komolyan veszi a glob\u00e1lis felmeleged\u00e9s okozta kih\u00edv\u00e1sokat. Ennek \u00e9rdek\u00e9ben kisz\u00e1moltattuk weboldalunk karbon l\u00e1bnyom\u00e1t, \u00e9s ellent\u00e9telez\u00e9sk\u00e9ppen t\u00e1mogattunk egy olyan projektet, ahol ez a kibocs\u00e1t\u00e1s cs\u00f6kkent\u00e9sre ker\u00fclt. \u00cdgy weboldalunk karbon semleges lett. Rem\u00e9lj\u00fck, hogy p\u00e9ld\u00e1t \u00e9s utat mutatunk a partnereinknek \u00e9s a versenyt\u00e1rsainknak is. Karbonsemleges nyomtat\u00e1ssal is \u00e1llunk \u00fcgyfeleink rendelkez\u00e9s\u00e9re. [vc_single_image image=\"22390\" img_size=\"full\" alignment=\"center\" onclick=\"link_image\"]{:}{:gb}It takes tremendous energy to operate the world\u2019s Internet network and display the websites behind it. We recognized the necessity of a positive action, so we offset our website\u2019s emissions by supporting projects that realize emission reductions. Our website operation and its environmental impact are neutral with this effort. We have taken a significant step towards sustainability by our efforts. Our company takes seriously the challenges of global warming. In order to improve the situation, we calculated the carbon footprint of our website and, in return, supported a project where this emission was reduced. By this way, our website has become carbon...","protected":false},"author":1,"featured_media":0,"parent":0,"menu_order":0,"comment_status":"closed","ping_status":"closed","template":"","meta":{"om_disable_all_campaigns":false,"rs_blank_template":"","rs_page_bg_color":"","slide_template_v7":"","_monsterinsights_skip_tracking":false,"_monsterinsights_sitenote_active":false,"_monsterinsights_sitenote_note":"","_monsterinsights_sitenote_category":0,"footnotes":""},"class_list":["post-22509","page","type-page","status-publish","hentry"],"translation":{"provider":"WPGlobus","version":"3.0.2","language":"de","enabled_languages":["hu","gb","de"],"languages":{"hu":{"title":true,"content":true,"excerpt":false},"gb":{"title":true,"content":true,"excerpt":false},"de":{"title":true,"content":true,"excerpt":false}}},"aioseo_notices":[],"_links":{"self":[{"href":"https:\/\/prospektusnyomda.hu\/de\/wp-json\/wp\/v2\/pages\/22509","targetHints":{"allow":["GET"]}}],"collection":[{"href":"https:\/\/prospektusnyomda.hu\/de\/wp-json\/wp\/v2\/pages"}],"about":[{"href":"https:\/\/prospektusnyomda.hu\/de\/wp-json\/wp\/v2\/types\/page"}],"author":[{"embeddable":true,"href":"https:\/\/prospektusnyomda.hu\/de\/wp-json\/wp\/v2\/users\/1"}],"replies":[{"embeddable":true,"href":"https:\/\/prospektusnyomda.hu\/de\/wp-json\/wp\/v2\/comments?post=22509"}],"version-history":[{"count":7,"href":"https:\/\/prospektusnyomda.hu\/de\/wp-json\/wp\/v2\/pages\/22509\/revisions"}],"predecessor-version":[{"id":23074,"href":"https:\/\/prospektusnyomda.hu\/de\/wp-json\/wp\/v2\/pages\/22509\/revisions\/23074"}],"wp:attachment":[{"href":"https:\/\/prospektusnyomda.hu\/de\/wp-json\/wp\/v2\/media?parent=22509"}],"curies":[{"name":"wp","href":"https:\/\/api.w.org\/{rel}","templated":true}]}}