{"id":22519,"date":"2020-05-06T06:25:38","date_gmt":"2020-05-06T06:25:38","guid":{"rendered":"http:\/\/prospektusnyomda.hu\/?page_id=22519"},"modified":"2025-11-17T14:16:10","modified_gmt":"2025-11-17T14:16:10","slug":"lakkozas","status":"publish","type":"page","link":"https:\/\/prospektusnyomda.hu\/de\/lakkozas\/","title":{"rendered":"UV-lackierung"},"content":{"rendered":"<div class=\"wpb-content-wrapper\"><section class=\"vc_row wpb_row vc_row-fluid\"><div class=\"wpb_column vc_column_container vc_col-sm-12  col-xs-mobile-fullwidth\"><div class=\"vc_column-inner \"><div class=\"wpb_wrapper\">[vc_empty_space]<div class=\"last-paragraph-no-margin\"><p style=\"text-align: center;\"><strong>UV-lackierung<\/strong><\/p>\n<p style=\"text-align: center;\">Die UV-Lackierung ist eines der beliebtesten Oberfl\u00e4chenveredelungen, in dem Prospektus bereits \u00fcber 15 Jahren Erfahrung gesammelt hat. Diese Lackierung \u00fcbertrifft in Ihrer Glanzheit alle anderen Verfahren, ist mit eine Glanz Cellophanierung gleich gl\u00e4nzend, allerding viel umweltfreundlicher. Dazu ist der UV Lack extrem hart und abriebfest. Wir k\u00f6nnen in einem Durchgang einen matten \u2013 Orangenhaut \u00e4hnlichen- und einen gl\u00e4nzenden UV Lack auftagen, dazu eine 100% genaue Passergenauigkeit gegen\u00fcber dem Siebdruck gew\u00e4hrleisten. Die Methode erm\u00f6glicht das Hervorheben von Bildern oder Texte und man kann besondere Effekte erzielen.<\/p>\n<p style=\"text-align: center;\"><strong>Offset-Lack<\/strong><\/p>\n<p style=\"text-align: center;\">Wir k\u00f6nnen in den Lackwerken der Offset-Druckmaschinen einen gl\u00e4nzenden oder matten Offsetlack auftragen, vollfl\u00e4chig oder partiell.<\/p>\n<p style=\"text-align: center;\"><strong>Dispersions-Lack<\/strong><\/p>\n<p style=\"text-align: center;\">Wir k\u00f6nnen in den Lackwerken der Offset-Druckmaschinen einen gl\u00e4nzenden oder matten Dispersionslack auftragen, der schnell trocknet und das Produkt gut und effektiv sch\u00fctzt.<\/p>\n<\/div><\/div><\/div><\/div><\/section>\n<\/div>","protected":false},"excerpt":{"rendered":"{:hu}[vc_empty_space]UV Lakkoz\u00e1s Az UV lakkoz\u00e1s\u00a0az egyik\u00a0legn\u00e9pszer\u0171bb fel\u00fcletkezel\u00e9si elj\u00e1r\u00e1s, melynek az alkalmaz\u00e1s\u00e1ban a Prospektus nyomd\u00e1nak m\u00e1r t\u00f6bb mint\u00a015 \u00e9ves tapasztalata van. Az UV-lakkoz\u00e1s f\u00e9nyhat\u00e1s\u00e1ban messze fel\u00fclm\u00falja az egy\u00e9b lakkoz\u00e1si elj\u00e1r\u00e1sokat. A lakk sz\u00e1rad\u00e1sa ut\u00e1n egy\u00a0nagyon kem\u00e9ny, f\u00e9nyes \u00e9s d\u00f6rzs\u00e1ll\u00f3\u00a0fel\u00fcletet kapunk. Az\u00a0UV lakk\u00a0a f\u00f3li\u00e1z\u00e1s f\u00e9ny\u00e9vel megegyez\u0151 hat\u00e1st biztos\u00edt, de ahhoz k\u00e9pest egy\u00a0100%-ban k\u00f6rnyezetbar\u00e1t megold\u00e1s. K\u00e9pesek vagyunk egy menetben f\u00e9nyes \u00e9s \u2013 narancsh\u00e9j effekt hat\u00e1s\u00fa \u2013 matt lakk felhord\u00e1s\u00e1ra is, amely k\u00fcl\u00f6nleges \u00e9lm\u00e9nyt biztos\u00edt, kit\u0171n\u0151en alkalmas k\u00e9pek, grafik\u00e1k kiemel\u00e9s\u00e9re\u00a0vagy\u00a0k\u00fcl\u00f6nleges effektusok\u00a0el\u00e9r\u00e9s\u00e9re. Ez az\u00a0exkluz\u00edv kiadv\u00e1nyok\u00a0elengedhetetlen fel\u00fcletnemes\u00edt\u00e9si m\u00f3dja. Az egy menetben t\u00f6rt\u00e9n\u0151 nyomtat\u00e1s el\u0151nye a t\u00f6k\u00e9letes passzerpontoss\u00e1g \u00e9s a v\u00e9kony vonalak lakkoz\u00e1s\u00e1nak lehet\u0151s\u00e9ge is. Lakkoz\u00e1s norm\u00e1l ofszet nyom\u00f3m\u0171vekben F\u00e9nyes \u00e9s matt lakkok \u2013 teljes fel\u00fclet\u0171 vagy parci\u00e1lis \u2013 felhord\u00e1s\u00e1val kedvez\u0151 k\u00f6lts\u00e9gek mellett tudunk egyedi hat\u00e1sokat biztos\u00edtani a nyomathordoz\u00f3 fel\u00fclet\u00e9n. Ezen lakkokat norm\u00e1l ofszet nyom\u00f3m\u0171vekben hordjuk fel. Diszperzi\u00f3s lakkoz\u00e1s A diszperzi\u00f3s lakkok megv\u00e9dik a nyomatot, k\u00f6lts\u00e9ghat\u00e9konyak, gyorsan sz\u00e1radnak, alkalmasak egy- \u00e9s k\u00e9toldalas lakkoz\u00e1sra is. Karcol\u00e1snak \u00e9s s\u00e9r\u00fcl\u00e9snek ellen\u00e1ll\u00f3k, j\u00f3 nedvess\u00e9gt\u0171r\u0151 k\u00e9pess\u00e9ggel rendelkeznek. \u00a0 {:}{:gb}[vc_empty_space]UV varnishing UV varnishing\u00a0is one of the most popular surface treatment procedure, and Prospektus Press has more than\u00a015 years of experienceusing it. The lighting effect of UV varnishing is far superior compare to other lacquering methods. After the drying of lacquer, we get a\u00a0very...","protected":false},"author":1,"featured_media":0,"parent":0,"menu_order":0,"comment_status":"closed","ping_status":"closed","template":"","meta":{"om_disable_all_campaigns":false,"rs_blank_template":"","rs_page_bg_color":"","slide_template_v7":"","_monsterinsights_skip_tracking":false,"_monsterinsights_sitenote_active":false,"_monsterinsights_sitenote_note":"","_monsterinsights_sitenote_category":0,"footnotes":""},"class_list":["post-22519","page","type-page","status-publish","hentry"],"translation":{"provider":"WPGlobus","version":"3.0.2","language":"de","enabled_languages":["hu","gb","de"],"languages":{"hu":{"title":true,"content":true,"excerpt":false},"gb":{"title":true,"content":true,"excerpt":false},"de":{"title":true,"content":true,"excerpt":false}}},"aioseo_notices":[],"_links":{"self":[{"href":"https:\/\/prospektusnyomda.hu\/de\/wp-json\/wp\/v2\/pages\/22519","targetHints":{"allow":["GET"]}}],"collection":[{"href":"https:\/\/prospektusnyomda.hu\/de\/wp-json\/wp\/v2\/pages"}],"about":[{"href":"https:\/\/prospektusnyomda.hu\/de\/wp-json\/wp\/v2\/types\/page"}],"author":[{"embeddable":true,"href":"https:\/\/prospektusnyomda.hu\/de\/wp-json\/wp\/v2\/users\/1"}],"replies":[{"embeddable":true,"href":"https:\/\/prospektusnyomda.hu\/de\/wp-json\/wp\/v2\/comments?post=22519"}],"version-history":[{"count":8,"href":"https:\/\/prospektusnyomda.hu\/de\/wp-json\/wp\/v2\/pages\/22519\/revisions"}],"predecessor-version":[{"id":23066,"href":"https:\/\/prospektusnyomda.hu\/de\/wp-json\/wp\/v2\/pages\/22519\/revisions\/23066"}],"wp:attachment":[{"href":"https:\/\/prospektusnyomda.hu\/de\/wp-json\/wp\/v2\/media?parent=22519"}],"curies":[{"name":"wp","href":"https:\/\/api.w.org\/{rel}","templated":true}]}}