{"id":22523,"date":"2020-05-06T06:26:04","date_gmt":"2020-05-06T06:26:04","guid":{"rendered":"http:\/\/prospektusnyomda.hu\/?page_id=22523"},"modified":"2020-08-31T08:06:43","modified_gmt":"2020-08-31T08:06:43","slug":"koteszet","status":"publish","type":"page","link":"https:\/\/prospektusnyomda.hu\/de\/koteszet\/","title":{"rendered":"Buchbinderei"},"content":{"rendered":"<div class=\"wpb-content-wrapper\"><section class=\"vc_row wpb_row vc_row-fluid\"><div class=\"wpb_column vc_column_container vc_col-sm-12  col-xs-mobile-fullwidth\"><div class=\"vc_column-inner \"><div class=\"wpb_wrapper\">[vc_empty_space]<div class=\"last-paragraph-no-margin\"><p style=\"text-align: center;\">F\u00fcr die Realisierung Ihrer W\u00fcnsche bieten wir die ganze Vielfalt der Weiterverarbeitung an. So wie jedes Projekt sorgf\u00e4ltig und gr\u00fcndlich vorbereitet wird, so behandeln wir es auch in der Weiterverarbeitung.<\/p>\n<p style=\"text-align: center;\">Die technische Ausstattung richtet sich nach Ihren Bed\u00fcrfnissen und den vorhandenen Druckmaschinen.<\/p>\n<\/div>[vc_empty_space height=&#8221;100px&#8221;][vc_custom_heading text=&#8221;Das bieten wir Ihnen: &#8221; font_container=&#8221;tag:h4|text_align:center&#8221; use_theme_fonts=&#8221;yes&#8221;]<div class=\"last-paragraph-no-margin\"><p style=\"text-align: center;\"><strong>R\u00fcckendrahtheftung<\/strong><\/p>\n<p style=\"text-align: center;\">Bei kleinerem Umfang binden wir mit Klammern, bei Bedarf auch zum Abheften mit Ring\u00f6sen- Omega Klammern.<\/p>\n<p style=\"text-align: center;\"><strong>PUR Klebebindung<\/strong><\/p>\n<p style=\"text-align: center;\">Bereits ab 2 mm R\u00fcckenst\u00e4rke bieten wir eine PUR Klebebindung an\u2013 hierbei reagiert der Kleber mit der Luftfeuchtigkeit \u2013 f\u00fcr eine herausragende Stabilit\u00e4t.<\/p>\n<p style=\"text-align: center;\"><strong>Gefalzte Produkte<\/strong><\/p>\n<p style=\"text-align: center;\">Hier werden die bedruckten Papierb\u00f6gen gefalzt,\u00a0 u.a. als Altar-, Wickel- oder Zick Zackfalz.<\/p>\n<p style=\"text-align: center;\"><strong>Folienkaschierung-Cellophanierung<\/strong><\/p>\n<p style=\"text-align: center;\">Oberfl\u00e4chenveredelung mit einer matten oder gl\u00e4nzenden Folie, die auch gegen mechanische Besch\u00e4digungen sch\u00fctzt.<\/p>\n<p style=\"text-align: center;\"><strong>Wire-O-Bindung<\/strong><\/p>\n<p style=\"text-align: center;\">Hier werden die Bl\u00e4tter einfach und schnell Spiralgebunden, haupts\u00e4chlich Kalender.<\/p>\n<p style=\"text-align: center;\"><strong>Konfektionierung\/ Handarbeit<\/strong><\/p>\n<p style=\"text-align: center;\">Gerne realisieren wir Ihre verschiedenen Handarbeits-Projekte, Konfektionierungen, Bef\u00fcllungen.<\/p>\n<p style=\"text-align: center;\"><strong>Verpackung<\/strong><\/p>\n<p style=\"text-align: center;\">Hier werden die fertigen Produkte sorgf\u00e4ltig auf die Reise zu Ihnen vorbereitet, in Kartons oder auf Palette verpackt, in Folie eingewickelt und bombenfest fixiert, bandagiert.<\/p>\n<\/div><\/div><\/div><\/div><\/section>\n<\/div>","protected":false},"excerpt":{"rendered":"{:hu}[vc_empty_space]Annak \u00e9rdek\u00e9ben, hogy az \u00d6n elk\u00e9pzel\u00e9seit megval\u00f3s\u00edthassuk, v\u00e1llalkoz\u00e1sunk a nyomdai k\u00f6t\u00e9szeti m\u0171veletek teljes k\u00f6r\u0171 szolg\u00e1ltat\u00e1sait k\u00edn\u00e1lja. Mi tudjuk, hogy minden nyomdai projekt gondos \u00e9s hosszadalmas el\u0151k\u00e9sz\u00edt\u00e9s eredm\u00e9nye, ennek megfelel\u0151en mi ugyanezzel a gondoss\u00e1ggal \u00e9s alaposs\u00e1ggal b\u00e1nunk vele. K\u00f6t\u00e9szeti g\u00e9peink param\u00e9terei \u00e9s kapacit\u00e1sa az \u00edves nyom\u00f3g\u00e9peinkhez \u00e9s vev\u0151ink ig\u00e9nyeihez igazodik. [vc_empty_space height=\"100px\"][vc_custom_heading text=\"Ezt k\u00edn\u00e1ljuk \u00d6n\u00f6knek:\" font_container=\"tag:h4|text_align:center\" use_theme_fonts=\"yes\"]T\u0171z\u00f6tt (ak\u00e1r \u2126-kapcsos) term\u00e9kek el\u0151\u00e1ll\u00edt\u00e1sa R\u00f6videbb terjedelm\u0171 kiadv\u00e1nyok k\u00f6t\u00e9s\u00e9t jelenti dr\u00f3tkapcsok seg\u00edts\u00e9g\u00e9vel. Ig\u00e9ny eset\u00e9n dosszi\u00e9ba lef\u0171zhet\u0151 kapcsot (un. Omega-kapcsot) is tudunk alkalmazni. PUR ragaszt\u00f3k\u00f6t\u00f6tt term\u00e9kek el\u0151\u00e1ll\u00edt\u00e1sa M\u00e1r 2 mm-es term\u00e9kvastags\u00e1gt\u00f3l el\u00e9rhet\u0151, kiemelked\u0151 t\u00e9p\u0151-szil\u00e1rds\u00e1ggal b\u00edr\u00f3 k\u00f6t\u00e9si m\u00f3d, melyn\u00e9l a k\u00f6nyv k\u00fcl\u00f6n\u00e1ll\u00f3 lapjait egy a leveg\u0151 p\u00e1ratartalm\u00e1val reakci\u00f3ba l\u00e9p\u0151 ragaszt\u00f3val er\u0151s\u00edtik \u00f6ssze a gerinc fel\u0151li oldalon. Hajtogatott term\u00e9kek el\u0151\u00e1ll\u00edt\u00e1sa A pap\u00edr\u00edvek hajtogat\u00e1s\u00e1t jelenti, amely a standard hajtogat\u00e1si m\u00f3dok mellett lehet olt\u00e1r, leporell\u00f3 vagy ak\u00e1r kereszthajt\u00e1s is. K\u00fcl\u00f6nb\u00f6z\u0151 f\u00f3li\u00e1k felhord\u00e1sa Fel\u00fcletnemes\u00edt\u00e9si m\u00f3d, amely sor\u00e1n f\u00e9nyes, matt, karc\u00e1ll\u00f3 matt vagy Soft Touch f\u00f3li\u00e1t hordunk fel a fel\u00fcletre. A f\u00f3li\u00e1k a fel\u00fclet mechanikai s\u00e9r\u00fcl\u00e9ssel szembeni v\u00e9delm\u00e9t is ell\u00e1tj\u00e1k. Spir\u00e1loz\u00e1s A lapok gyors \u00e9s egyszer\u0171 egym\u00e1shoz r\u00f6gz\u00edt\u00e9s\u00e9re szolg\u00e1l\u00f3 k\u00f6t\u00e9szeti megold\u00e1s. Els\u0151sorban napt\u00e1rak eset\u00e9ben alkalmazzuk. Csomagol\u00e1s A k\u00e9sz\u00e1ruk sz\u00e1ll\u00edt\u00e1sra val\u00f3 el\u0151k\u00e9sz\u00edt\u00e9se, lehet gy\u0171jt\u0151dobozban, zsugorf\u00f3li\u00e1zva, raklapon, sztreccsf\u00f3li\u00e1zva, p\u00e1ntolva. {:}{:gb}[vc_empty_space]In order to implement what you envisioned, our company offers full range of bindery operation...","protected":false},"author":1,"featured_media":0,"parent":0,"menu_order":0,"comment_status":"closed","ping_status":"closed","template":"","meta":{"om_disable_all_campaigns":false,"rs_blank_template":"","rs_page_bg_color":"","slide_template_v7":"","_monsterinsights_skip_tracking":false,"_monsterinsights_sitenote_active":false,"_monsterinsights_sitenote_note":"","_monsterinsights_sitenote_category":0,"footnotes":""},"class_list":["post-22523","page","type-page","status-publish","hentry"],"translation":{"provider":"WPGlobus","version":"3.0.2","language":"de","enabled_languages":["hu","gb","de"],"languages":{"hu":{"title":true,"content":true,"excerpt":false},"gb":{"title":true,"content":true,"excerpt":false},"de":{"title":true,"content":true,"excerpt":false}}},"aioseo_notices":[],"_links":{"self":[{"href":"https:\/\/prospektusnyomda.hu\/de\/wp-json\/wp\/v2\/pages\/22523","targetHints":{"allow":["GET"]}}],"collection":[{"href":"https:\/\/prospektusnyomda.hu\/de\/wp-json\/wp\/v2\/pages"}],"about":[{"href":"https:\/\/prospektusnyomda.hu\/de\/wp-json\/wp\/v2\/types\/page"}],"author":[{"embeddable":true,"href":"https:\/\/prospektusnyomda.hu\/de\/wp-json\/wp\/v2\/users\/1"}],"replies":[{"embeddable":true,"href":"https:\/\/prospektusnyomda.hu\/de\/wp-json\/wp\/v2\/comments?post=22523"}],"version-history":[{"count":7,"href":"https:\/\/prospektusnyomda.hu\/de\/wp-json\/wp\/v2\/pages\/22523\/revisions"}],"predecessor-version":[{"id":23068,"href":"https:\/\/prospektusnyomda.hu\/de\/wp-json\/wp\/v2\/pages\/22523\/revisions\/23068"}],"wp:attachment":[{"href":"https:\/\/prospektusnyomda.hu\/de\/wp-json\/wp\/v2\/media?parent=22523"}],"curies":[{"name":"wp","href":"https:\/\/api.w.org\/{rel}","templated":true}]}}