{"id":22525,"date":"2020-05-06T06:26:18","date_gmt":"2020-05-06T06:26:18","guid":{"rendered":"http:\/\/prospektusnyomda.hu\/?page_id=22525"},"modified":"2020-08-31T08:08:32","modified_gmt":"2020-08-31T08:08:32","slug":"dobozkikeszites","status":"publish","type":"page","link":"https:\/\/prospektusnyomda.hu\/de\/dobozkikeszites\/","title":{"rendered":"Faltschachtelveredelung"},"content":{"rendered":"<div class=\"wpb-content-wrapper\"><section class=\"vc_row wpb_row vc_row-fluid\"><div class=\"wpb_column vc_column_container vc_col-sm-12  col-xs-mobile-fullwidth\"><div class=\"vc_column-inner \"><div class=\"wpb_wrapper\"><div class=\"last-paragraph-no-margin\"><p style=\"text-align: center;\"><strong>Folienkaschierung<\/strong><\/p>\n<p style=\"text-align: center;\">Die Firma Prospektus hat \u00fcber 15 Jahre Erfahrung bei der Herstellung von folienkaschierten Oberfl\u00e4chen. Dabei wird eine matte oder gl\u00e4nzende ca. 20-25 micron starke Folie unter entsprechenden Druck- und Temperaturverh\u00e4ltnissen auf das Grundmaterial (meistens Papier oder Karton) kaschiert. Endergebnis ist eine hochgl\u00e4nzende\/seidenmatte Oberfl\u00e4che, die auch mechanischen Einwirkungen wiederstehen kann.<\/p>\n<p style=\"text-align: center;\">Beim Einsatz von matte Folien bekommen wir eine \u201esamtige\u201d Oberflache, worauf man die Fingerabdr\u00fccke weniger bemerken kann, dadurch f\u00fcr hochwertige Produkte bestens geeignet.<\/p>\n<p style=\"text-align: center;\"><strong>Metallfolien-kaschierte Materialen<\/strong><\/p>\n<p style=\"text-align: center;\">Die Firma Prospektus kann dank seinem hohen Innovationstandard Technologien seinen Kunden zur Verf\u00fcgung stellen, die h\u00f6chsten Anspr\u00fcchen gerecht werden. Ein Solche ist zum Beispiel die UV-Technologie, was von Prospektus als Erster\u00a0in Ungarn eingef\u00fchrt worden ist. Auf unserer HEIDELBERG CD-74 Druckmaschine werden die speziellen Farbstoffe mit UV-Licht bestrahlt, durch eine Kettenreaktion werden die Farbstoffe polimerisiert\u00a0 \u2013 der Bogen kommt 100% trocken aus der Maschine. Dadurch ist die Maschine f\u00fcr das Bedrucken verschiedensten Kunststoffarten bestens geeignet!<\/p>\n<p style=\"text-align: center;\">Sogenannte Metallfolien sind Papiertr\u00e4germaterialien mit einer silbernen Folienkaschierung. Wenn man auf solch ein Material druckt wird das Druckbild einen metallischen Hintergrund-Effekt bekommen und wird dadurch auch wasserabweisend.<\/p>\n<p style=\"text-align: center;\">Auf diese Oberfl\u00e4chen kann man durch den 4-Farbendruck, mit Einsatz von Deckweiss oder Effektlackierung fast unendliche Variationen an verschiedenen Effekten erzeugen \u2013 oder noch mit Heissfolienpr\u00e4gung und Hochpr\u00e4gung erg\u00e4nzen.<\/p>\n<p style=\"text-align: center;\"><strong>Heissfolienpr\u00e4gung<\/strong><\/p>\n<p style=\"text-align: center;\">Die Firma Prospektus setzt auch im Bereich Heissfolienpr\u00e4gung modernste Technologie ein, das in Form von KAMA ProCut 76. Dank seiner \u201eHotfoil technology\u201d ist die Maschine in der Lage auf allen Materialien eine hochwertige Pr\u00e4gung zu presentieren. Heissfolienpr\u00e4gung kann sowohl als \u201eEndveredelung\u201d einsetzt werden, oder aber als \u201eVorpr\u00e4gung\u201d, wobei nach der Heissfolienpragung\u00a0 noch mit UV-Farben \u00fcbergedruckt wird. So entsteht ein besondere Oberfl\u00e4che, die noch weiter hervorgehoben werden kann mit\u00a0Effekt-lackierung\u00a0oder\u00a0Pr\u00e4gung.\u00a0Um eine optimalen Wirkung zu erzielen, kontaktieren Sie bitte unsere Kollegen in der Druckvorstufe vor der Produktion \u2013 sie werden Sie gerne beraten!<\/p>\n<p style=\"text-align: center;\"><strong>Pr\u00e4gung<\/strong><\/p>\n<p style=\"text-align: center;\">Die Grundphilosophie von Prospektus ist, jegliche Kundenw\u00fcnsche, wenn m\u00f6glich, ohne die Einschaltung von Subunternehmern zu erf\u00fcllen. In Folge dessen wurde im Jahre 2011 eine KAMA ProCut 76 Stanzmaschine gekauft. Die Maschine entspricht den Bed\u00fcrfnissen der modernen Zeit.<\/p>\n<p style=\"text-align: center;\">Die Anlage ist in der Lage mit Hilfe eines speziellen Werkzeuges Papiere oder Kartons in H\u00f6he von 1-2 mm zu pr\u00e4gen. Das Verfahren wird\u00a0oft als Erg\u00e4nzung zur bereits Folienkaschierten oder Heissfoliengepr\u00e4gten Materialien eingesetzt, um den Effekt noch weiter zu verst\u00e4rken.<\/p>\n<p style=\"text-align: center;\"><strong>Stanzen<\/strong><\/p>\n<p style=\"text-align: center;\">Die Grundphilosophie von Prospektus ist, jegliche Kundenw\u00fcnsche, wenn m\u00f6glich, ohne die Einschaltung von Subunternehmern zu erf\u00fcllen. In Folge dessen wurde im Jahre 2011 eine KAMA ProCut 76 Stanzmaschine gekauft. Die Maschine entspricht den Bed\u00fcrfnissen der modernen Zeit.<\/p>\n<p style=\"text-align: center;\">Die Anlage ist in der Lage mit Hilfe eines speziellen Werkzeuges Papiere oder Kunststoffe zu stanzen. Damit sind wir inder Lage auch ganz spezielle Formen zu schaffen. Auch bei der Bestellung von Mappen oder Verpackungen haben Sie die Wahl von zahlreichen M\u00f6glichkeiten \u2013 welches am besten zu Ihren Anspr\u00fcchen passt.<\/p>\n<p style=\"text-align: center;\"><strong>Faltschachtel kleben<\/strong><\/p>\n<p style=\"text-align: center;\">Mit der im Jahr 2012 aufgestellten Faltschachtel Klebemaschine sind wir in der Lage 1-2-3 Punkt Klebungen sehr effektiv zu machen. Bei der Faltung und Klebung setzen wir sehr strenge, auch maschinelle Qualit\u00e4tskontrollen ein.<\/p>\n<\/div><\/div><\/div><\/div><\/section>\n<\/div>","protected":false},"excerpt":{"rendered":"{:hu}F\u00e9nyes \u00e9s matt f\u00f3lia A Prospektus nyomda m\u00e1r t\u00f6bb mint 15 \u00e9ve foglalkozik k\u00fcl\u00f6nf\u00e9le fel\u00fcletnemes\u00edt\u00e9si elj\u00e1r\u00e1sok alkalmaz\u00e1s\u00e1val, ezek k\u00f6z\u00fcl is a legr\u00e9gebben a\u00a0f\u00e9nyes, matt, karc\u00e1ll\u00f3 matt \u00e9s Soft Touch f\u00f3li\u00e1k\u00a0lamin\u00e1l\u00e1s\u00e1val. A felhordott f\u00f3lia 20\u201325 mikron vastags\u00e1g\u00fa, amelyet nagy nyom\u00e1ssal a hordoz\u00f3 (jellemz\u0151en pap\u00edr) fel\u00fclet\u00e9re pr\u00e9sel\u00fcnk. A v\u00e9geredm\u00e9ny egy\u00a0kellemes tapint\u00e1s\u00fa, magas f\u00e9ny\u0171 fel\u00fclet\u00a0(f\u00e9nyes f\u00f3lia eset\u00e9n), amely\u00a0ellen\u00e1ll a mechanikai s\u00e9r\u00fcl\u00e9seknek. A\u00a0matt f\u00f3li\u00e1k\u00a0alkalmaz\u00e1s\u00e1val\u00a0egy b\u00e1rsonyos fel\u00fcletet kapunk, amelyen az\u00a0ujjlenyomatok is kev\u00e9sb\u00e9 l\u00e1tszanak meg, \u00edgy azt ig\u00e9nyesebb kiadv\u00e1nyokhoz aj\u00e1nljuk. Metaliz\u00e1lt f\u00f3lia A Prospektus nyomda\u00a0magas szint\u0171 innov\u00e1ci\u00f3ja nyom\u00e1n olyan technol\u00f3gi\u00e1kkal \u00e1ll \u00fcgyfelei rendelkez\u00e9s\u00e9re, amellyel k\u00e9pes\u00a0a legegyedibb ig\u00e9nyek kiel\u00e9g\u00edt\u00e9s\u00e9re\u00a0is. Ilyen technol\u00f3gia az UV nyomtat\u00e1s is, amelyet a Prospektus nyomda vezetett be els\u0151k\u00e9nt Magyarorsz\u00e1gon. Ezen technol\u00f3gi\u00e1t a Heidelberg CD-74 nyom\u00f3g\u00e9p\u00fcnk reprezent\u00e1lja, amelyen UV f\u00e9ny vil\u00e1g\u00edtja meg az alkalmazott nyomathordoz\u00f3t, aminek hat\u00e1s\u00e1ra a fest\u00e9kben l\u00e1ncreakci\u00f3 j\u00e1tsz\u00f3dik le, \u00e9s a fest\u00e9k pillanatszer\u0171en polimeriz\u00e1l\u00f3dik. Ennek k\u00f6sz\u00f6nhet\u0151en a g\u00e9p, tetsz\u0151leges m\u0171anyag alap\u00fa nyomathordoz\u00f3k \u00e9s metaliz\u00e1lt fel\u00fcletek nyomtat\u00e1s\u00e1ra is alkalmas! A\u00a0metaliz\u00e1lt nyomathordoz\u00f3 egy pap\u00edralap\u00fa hordoz\u00f3ra felhordott\u00a0f\u00e9mg\u0151z\u00f6lt f\u00f3lia, amelynek megnyomtat\u00e1s\u00e1val a grafik\u00e1k igaz\u00e1n egyedi\u00a0f\u00e9mes hat\u00e1s\u00e1t\u00a0\u00e9rj\u00fck el. A kialakult fel\u00fclet\u00a0v\u00edz\u00e1ll\u00f3 k\u00e9pess\u00e9ggel rendelkezik. A metaliz\u00e1lt fel\u00fcletek fed\u0151 feh\u00e9r \u00e9s color sz\u00ednekkel t\u00f6rt\u00e9n\u0151 nyomtat\u00e1sa, valamint ezek effekt lakkos kombin\u00e1l\u00e1s\u00e1val a fel\u00fcletek l\u00e1tv\u00e1ny\u00e1nak v\u00e9gtelen vari\u00e1l\u00e1sa \u00e1ll rendelkez\u00e9sre. Ezt tov\u00e1bb lehet fokozni a meleg pr\u00e9gel\u00e9s \u00e9s a vakdombor\u00edt\u00e1s adta...","protected":false},"author":1,"featured_media":0,"parent":0,"menu_order":0,"comment_status":"closed","ping_status":"closed","template":"","meta":{"om_disable_all_campaigns":false,"rs_blank_template":"","rs_page_bg_color":"","slide_template_v7":"","_monsterinsights_skip_tracking":false,"_monsterinsights_sitenote_active":false,"_monsterinsights_sitenote_note":"","_monsterinsights_sitenote_category":0,"footnotes":""},"class_list":["post-22525","page","type-page","status-publish","hentry"],"translation":{"provider":"WPGlobus","version":"3.0.2","language":"de","enabled_languages":["hu","gb","de"],"languages":{"hu":{"title":true,"content":true,"excerpt":false},"gb":{"title":true,"content":true,"excerpt":false},"de":{"title":true,"content":true,"excerpt":false}}},"aioseo_notices":[],"_links":{"self":[{"href":"https:\/\/prospektusnyomda.hu\/de\/wp-json\/wp\/v2\/pages\/22525","targetHints":{"allow":["GET"]}}],"collection":[{"href":"https:\/\/prospektusnyomda.hu\/de\/wp-json\/wp\/v2\/pages"}],"about":[{"href":"https:\/\/prospektusnyomda.hu\/de\/wp-json\/wp\/v2\/types\/page"}],"author":[{"embeddable":true,"href":"https:\/\/prospektusnyomda.hu\/de\/wp-json\/wp\/v2\/users\/1"}],"replies":[{"embeddable":true,"href":"https:\/\/prospektusnyomda.hu\/de\/wp-json\/wp\/v2\/comments?post=22525"}],"version-history":[{"count":5,"href":"https:\/\/prospektusnyomda.hu\/de\/wp-json\/wp\/v2\/pages\/22525\/revisions"}],"predecessor-version":[{"id":23070,"href":"https:\/\/prospektusnyomda.hu\/de\/wp-json\/wp\/v2\/pages\/22525\/revisions\/23070"}],"wp:attachment":[{"href":"https:\/\/prospektusnyomda.hu\/de\/wp-json\/wp\/v2\/media?parent=22525"}],"curies":[{"name":"wp","href":"https:\/\/api.w.org\/{rel}","templated":true}]}}