{"id":22534,"date":"2020-05-06T06:27:45","date_gmt":"2020-05-06T06:27:45","guid":{"rendered":"http:\/\/prospektusnyomda.hu\/?page_id=22534"},"modified":"2022-01-27T12:23:04","modified_gmt":"2022-01-27T12:23:04","slug":"grafikai-allomanyok-fogadasa","status":"publish","type":"page","link":"https:\/\/prospektusnyomda.hu\/de\/grafikai-allomanyok-fogadasa\/","title":{"rendered":"Allgemeine Regelnbeim Datenabgabe"},"content":{"rendered":"<div class=\"wpb-content-wrapper\"><section class=\"vc_row wpb_row vc_row-fluid\"><div class=\"wpb_column vc_column_container vc_col-sm-12  col-xs-mobile-fullwidth\"><div class=\"vc_column-inner \"><div class=\"wpb_wrapper\"><div class=\"last-paragraph-no-margin\"><p style=\"text-align: center;\">Am wichtigsten bei der Erstellung von Druckprodukten ist die Verwendung von professionellen Programmen, die daf\u00fcr gemacht wurden. Folgende Programme sind daf\u00fcr also nicht geeignet: MS Office (Word, PowerPoint, Publisher), Openoffice und weitere B\u00fcroprogramme. Hier erstellte Daten m\u00fcssen neu bearbeitet werden.<\/p>\n<p style=\"text-align: center;\"><strong>Fotos und andere Bilddateien:<\/strong><\/p>\n<p style=\"text-align: center;\">Adobe Photoshop<\/p>\n<p style=\"text-align: center;\"><strong>Verktorgrafiken:<\/strong><\/p>\n<p style=\"text-align: center;\">Adobe Illustrator, CorelDraw<\/p>\n<p style=\"text-align: center;\"><strong>Satz, Layout Erstellung:<\/strong><\/p>\n<p style=\"text-align: center;\">Adobe InDesign<\/p>\n<p style=\"text-align: center;\"><strong>PDF File Kontrolle:<\/strong><\/p>\n<p style=\"text-align: center;\">Adobe Acrobat Professional<\/p>\n<p style=\"text-align: center;\">Bitte Meldung an uns wenn anders erstellt wurde!Sollten Sie erstmalig Daten an uns senden, bitte vorherige R\u00fccksprache, damit wir gemeinsam das beste herausholen k\u00f6nnen.Bitte die PDF-s vor Zusendung kontrollieren oder kontrollieren lassen, damit wir keine Zeit verlieren.<\/p>\n<\/div>[vc_empty_space][vc_separator color=&#8221;juicy_pink&#8221;][vc_empty_space][vc_btn title=&#8221;Herunterladen&#8221; color=&#8221;danger&#8221; align=&#8221;center&#8221; i_icon_fontawesome=&#8221;fas fa-download&#8221; add_icon=&#8221;true&#8221; link=&#8221;url:http%3A%2F%2Fprospektusnyomda.hu%2Fwp-content%2Fuploads%2F2020%2F08%2FProspektus-Nyomda-anyagleadas_GER.pdf|||&#8221;]<\/div><\/div><\/div><\/section>\n<\/div>","protected":false},"excerpt":{"rendered":"{:hu}A kiadv\u00e1ny-k\u00e9sz\u00edt\u00e9shez a legfontosabb, hogy olyan professzion\u00e1lis programokat haszn\u00e1ljanak, melyeket els\u0151dlegesen erre a c\u00e9lra hoztak l\u00e9tre. A k\u00f6vetkez\u0151 programok a kiadv\u00e1ny szerkeszt\u00e9shez teljesen alkalmatlanok: MS Office (Word, PowerPoint, Publisher), OpenOffice \u00e9s tov\u00e1bbi irodai csomagok. Ezekben a prog ramokban k\u00e9sz\u00fclt anyagok \u00fajrafeldolgoz\u00e1st ig\u00e9nyelnek. F\u00e9nyk\u00e9pek \u00e9s egy\u00e9b k\u00e9p form\u00e1tumok: Adobe Photoshop Vektoros objektumok: Adobe Illustrator T\u00f6rdel\u00e9shez, layout szerkeszt\u00e9s: Adobe InDesign PDF f\u00e1jlok ellen\u00f5rz\u00e9s\u00e9hez: Adobe Acrobat Professional B\u00e1rmilyen m\u00e1s esetben a nyomda fel\u00e9 k\u00e9rj\u00fck jelezze milyen m\u00f3don k\u00e9sz\u00fclt az anyag! Ha nyomdai szolg\u00e1ltat\u00e1sunkat el\u0151sz\u00f6r veszi ig\u00e9nybe, k\u00e9rj\u00fck az anyag elk\u00e9sz\u00edt\u00e9se el\u0151tt egyeztessen vel\u00fcnk, hogy min\u00e9l professzion\u00e1lisabb term\u00e9ket tudjunk k\u00f6z\u00f6sen l\u00e9trehozni. K\u00e9rj\u00fck, hogy a PDF-eket a nyomd\u00e1ba k\u00fcld\u00e9s el\u0151tt felt\u00e9tlen\u00fcl ellen\u0151rizze vagy ellen\u0151riztesse! A nyomd\u00e1ba rosszul k\u00fcld\u00f6tt PDF-ek minden esetben id\u0151\u00e9s energiavesztes\u00e9geket okoznak \u00d6nnek. [vc_empty_space][vc_separator color=\"juicy_pink\"][vc_empty_space][vc_btn title=\"Seg\u00e9dlet let\u00f6lt\u00e9se\" color=\"danger\" align=\"center\" i_icon_fontawesome=\"fas fa-download\" add_icon=\"true\" link=\"url:http%3A%2F%2Fprospektusnyomda.hu%2Fwp-content%2Fuploads%2F2020%2F06%2FAnyaglead%C3%A1si-felt%C3%A9telek-2020.pdf|||\"]{:}{:gb}For preparing a publication the most important aspect is to use professional softwares created primarily for this purpose. The following softwares are completely inappropriate for desktop publishing purposes. MS Office (Word, PowerPoint, Publisher), OpenOffice and other office packages. Materials prepared in these softwares need reprocessing. Photographs and other picture formats: Adobe Photoshop Vector based objects: Adobe Illustrator, optionally CorelDraw Page-setting, layout editing: Adobe InDesign For checking PDF files: Adobe Acrobat Professional...","protected":false},"author":1,"featured_media":0,"parent":0,"menu_order":0,"comment_status":"closed","ping_status":"closed","template":"","meta":{"om_disable_all_campaigns":false,"rs_blank_template":"","rs_page_bg_color":"","slide_template_v7":"","_monsterinsights_skip_tracking":false,"_monsterinsights_sitenote_active":false,"_monsterinsights_sitenote_note":"","_monsterinsights_sitenote_category":0,"footnotes":""},"class_list":["post-22534","page","type-page","status-publish","hentry"],"translation":{"provider":"WPGlobus","version":"3.0.2","language":"de","enabled_languages":["hu","gb","de"],"languages":{"hu":{"title":true,"content":true,"excerpt":false},"gb":{"title":true,"content":true,"excerpt":false},"de":{"title":true,"content":true,"excerpt":false}}},"aioseo_notices":[],"_links":{"self":[{"href":"https:\/\/prospektusnyomda.hu\/de\/wp-json\/wp\/v2\/pages\/22534","targetHints":{"allow":["GET"]}}],"collection":[{"href":"https:\/\/prospektusnyomda.hu\/de\/wp-json\/wp\/v2\/pages"}],"about":[{"href":"https:\/\/prospektusnyomda.hu\/de\/wp-json\/wp\/v2\/types\/page"}],"author":[{"embeddable":true,"href":"https:\/\/prospektusnyomda.hu\/de\/wp-json\/wp\/v2\/users\/1"}],"replies":[{"embeddable":true,"href":"https:\/\/prospektusnyomda.hu\/de\/wp-json\/wp\/v2\/comments?post=22534"}],"version-history":[{"count":11,"href":"https:\/\/prospektusnyomda.hu\/de\/wp-json\/wp\/v2\/pages\/22534\/revisions"}],"predecessor-version":[{"id":23241,"href":"https:\/\/prospektusnyomda.hu\/de\/wp-json\/wp\/v2\/pages\/22534\/revisions\/23241"}],"wp:attachment":[{"href":"https:\/\/prospektusnyomda.hu\/de\/wp-json\/wp\/v2\/media?parent=22534"}],"curies":[{"name":"wp","href":"https:\/\/api.w.org\/{rel}","templated":true}]}}