{"id":22538,"date":"2020-05-06T06:28:14","date_gmt":"2020-05-06T06:28:14","guid":{"rendered":"http:\/\/prospektusnyomda.hu\/?page_id=22538"},"modified":"2020-06-19T10:32:49","modified_gmt":"2020-06-19T10:32:49","slug":"magyar-nyomdatermek-vedjegy","status":"publish","type":"page","link":"https:\/\/prospektusnyomda.hu\/de\/magyar-nyomdatermek-vedjegy\/","title":{"rendered":"Magyar Nyomdaterm\u00e9k V\u00e9djegy"},"content":{"rendered":"<div class=\"wpb-content-wrapper\"><section class=\"vc_row wpb_row vc_row-fluid\"><div class=\"wpb_column vc_column_container vc_col-sm-12  col-xs-mobile-fullwidth\"><div class=\"vc_column-inner \"><div class=\"wpb_wrapper\">[vc_custom_heading text=&#8221;Magyar Nyomdaterm\u00e9k V\u00e9djegy&#8221; font_container=&#8221;tag:h2|text_align:center&#8221; use_theme_fonts=&#8221;yes&#8221;]<div class=\"last-paragraph-no-margin\"><section class=\"post-title-wrap cf post-title-wrap-no-image\">\n<p style=\"text-align: center;\">A Magyar Nyomdaterm\u00e9k v\u00e9djegy a fogyaszt\u00f3 sz\u00e1m\u00e1ra tan\u00fas\u00edtja, hogy a gy\u00e1rt\u00f3 a t\u0151le elv\u00e1rhat\u00f3 <strong>legmagasabb min\u0151s\u00e9gben<\/strong>, tud\u00e1sa legjav\u00e1t adva k\u00e9sz\u00edtette el a term\u00e9ket. Tan\u00fas\u00edtja tov\u00e1bb\u00e1, hogy a c\u00e9g a jogszab\u00e1lyok \u00e9s az <strong>\u00fczleti \u00e9letben szok\u00e1sos magatart\u00e1si szab\u00e1lyok szerint m\u0171k\u00f6dik<\/strong>, b\u00e1rmikor leinform\u00e1lhat\u00f3, hiszen a sz\u00f6vets\u00e9g tagja. V\u00e9g\u00fcl, de nem utols\u00f3sorban arr\u00f3l t\u00e1j\u00e9koztatja a fogyaszt\u00f3t, hogy a term\u00e9k <strong>magyarorsz\u00e1gi nyomd\u00e1ban k\u00e9sz\u00fclt.<\/strong><\/p>\n<p style=\"text-align: center;\">A Magyar Nyomdaterm\u00e9k log\u00f3 a Nyomda- \u00e9s Pap\u00edripari Sz\u00f6vets\u00e9g szellemi term\u00e9ke \u00e9s kiz\u00e1r\u00f3lagos tulajdona, melyet a Sz\u00f6vets\u00e9g enged\u00e9ly\u00e9vel \u00e9s a szab\u00e1lyzat el\u0151\u00edr\u00e1sainak betart\u00e1s\u00e1val a <strong>Prospektus Nyomda<\/strong> is haszn\u00e1lhat az \u00e1ltala el\u0151\u00e1ll\u00edtott term\u00e9keken.<\/p>\n<p style=\"text-align: center;\">Let\u00f6lthet\u0151 tervez\u00e9si seg\u00e9dlet a Magyar Nyomdaterm\u00e9k Log\u00f3 haszn\u00e1lat\u00e1hoz: <a href=\"http:\/\/prospektusnyomda.hu\/wp-content\/uploads\/2020\/06\/Tervezesi-segedlet.pdf\"><span style=\"color: #ff0000;\">Tervez\u00e9si segedlet.pdf<\/span><\/a><\/p>\n<\/section>\n<\/div><div class=\"vc_row wpb_row vc_inner vc_row-fluid\"><div class=\"wpb_column vc_column_container vc_col-sm-4  col-xs-mobile-fullwidth\"><div class=\"vc_column-inner \"><div class=\"wpb_wrapper\">[vc_single_image image=&#8221;22612&#8243; img_size=&#8221;full&#8221; alignment=&#8221;center&#8221;]<div class=\"last-paragraph-no-margin\"><p style=\"text-align: center;\">sz\u00ednes (18 x 9 mm)<\/p>\n<\/div>[vc_separator][vc_empty_space][vc_single_image image=&#8221;22614&#8243; img_size=&#8221;full&#8221; alignment=&#8221;center&#8221; onclick=&#8221;custom_link&#8221; img_link_target=&#8221;_blank&#8221; link=&#8221;http:\/\/prospektusnyomda.hu\/wp-content\/uploads\/2020\/06\/mnyt_3szin_18x9.pdf&#8221;][vc_empty_space][vc_single_image image=&#8221;22613&#8243; img_size=&#8221;full&#8221; alignment=&#8221;center&#8221; onclick=&#8221;custom_link&#8221; img_link_target=&#8221;_blank&#8221; link=&#8221;http:\/\/prospektusnyomda.hu\/wp-content\/uploads\/2020\/06\/mnyt_3szin_18x9.zip&#8221;]<\/div><\/div><\/div><div class=\"wpb_column vc_column_container vc_col-sm-4  col-xs-mobile-fullwidth\"><div class=\"vc_column-inner \"><div class=\"wpb_wrapper\">[vc_single_image image=&#8221;22612&#8243; img_size=&#8221;full&#8221; alignment=&#8221;center&#8221;]<div class=\"last-paragraph-no-margin\"><p style=\"text-align: center;\">\u00a0sz\u00ednes (24 x 12 mm)<\/p>\n<\/div>[vc_separator][vc_empty_space][vc_single_image image=&#8221;22614&#8243; img_size=&#8221;full&#8221; alignment=&#8221;center&#8221; onclick=&#8221;custom_link&#8221; img_link_target=&#8221;_blank&#8221; link=&#8221;http:\/\/prospektusnyomda.hu\/wp-content\/uploads\/2020\/06\/mnyt_3szin_24x12.pdf&#8221;][vc_empty_space][vc_single_image image=&#8221;22613&#8243; img_size=&#8221;full&#8221; alignment=&#8221;center&#8221; onclick=&#8221;custom_link&#8221; img_link_target=&#8221;_blank&#8221; link=&#8221;http:\/\/prospektusnyomda.hu\/wp-content\/uploads\/2020\/06\/mnyt_3szin_24x12.zip&#8221;]<\/div><\/div><\/div><div class=\"wpb_column vc_column_container vc_col-sm-4  col-xs-mobile-fullwidth\"><div class=\"vc_column-inner \"><div class=\"wpb_wrapper\">[vc_single_image image=&#8221;22612&#8243; img_size=&#8221;full&#8221; alignment=&#8221;center&#8221;]<div class=\"last-paragraph-no-margin\"><p style=\"text-align: center;\">sz\u00ednes (30 x 15 mm)<\/p>\n<\/div>[vc_separator][vc_empty_space][vc_single_image image=&#8221;22614&#8243; img_size=&#8221;full&#8221; alignment=&#8221;center&#8221; onclick=&#8221;custom_link&#8221; img_link_target=&#8221;_blank&#8221; link=&#8221;http:\/\/prospektusnyomda.hu\/wp-content\/uploads\/2020\/06\/mnyt_3szin_30x15.pdf&#8221;][vc_empty_space][vc_single_image image=&#8221;22613&#8243; img_size=&#8221;full&#8221; alignment=&#8221;center&#8221; onclick=&#8221;custom_link&#8221; img_link_target=&#8221;_blank&#8221; link=&#8221;http:\/\/prospektusnyomda.hu\/wp-content\/uploads\/2020\/06\/mnyt_3szin_30x15-1.zip&#8221;]<\/div><\/div><\/div><\/div><div class=\"vc_row wpb_row vc_inner vc_row-fluid\"><div class=\"wpb_column vc_column_container vc_col-sm-12  col-xs-mobile-fullwidth\"><div class=\"vc_column-inner \"><div class=\"wpb_wrapper\">[vc_empty_space height=&#8221;50px&#8221;][vc_zigzag color=&#8221;juicy_pink&#8221;]<\/div><\/div><\/div><\/div><div class=\"vc_row wpb_row vc_inner vc_row-fluid\"><div class=\"wpb_column vc_column_container vc_col-sm-4  col-xs-mobile-fullwidth\"><div class=\"vc_column-inner \"><div class=\"wpb_wrapper\">[vc_single_image image=&#8221;22606&#8243; img_size=&#8221;full&#8221; alignment=&#8221;center&#8221;]<div class=\"last-paragraph-no-margin\"><p style=\"text-align: center;\">fekete (18 x 9 mm)<\/p>\n<\/div>[vc_separator][vc_empty_space][vc_single_image image=&#8221;22614&#8243; img_size=&#8221;full&#8221; alignment=&#8221;center&#8221; onclick=&#8221;custom_link&#8221; img_link_target=&#8221;_blank&#8221; link=&#8221;http:\/\/prospektusnyomda.hu\/wp-content\/uploads\/2020\/06\/mnyt_3szin_18x9.pdf&#8221;][vc_empty_space][vc_single_image image=&#8221;22613&#8243; img_size=&#8221;full&#8221; alignment=&#8221;center&#8221; onclick=&#8221;custom_link&#8221; img_link_target=&#8221;_blank&#8221; link=&#8221;http:\/\/prospektusnyomda.hu\/wp-content\/uploads\/2020\/06\/mnyt_3szin_18x9.zip&#8221;]<\/div><\/div><\/div><div class=\"wpb_column vc_column_container vc_col-sm-4  col-xs-mobile-fullwidth\"><div class=\"vc_column-inner \"><div class=\"wpb_wrapper\">[vc_single_image image=&#8221;22606&#8243; img_size=&#8221;full&#8221; alignment=&#8221;center&#8221;]<div class=\"last-paragraph-no-margin\"><p style=\"text-align: center;\">fekete (24 x 12 mm)<\/p>\n<\/div>[vc_separator][vc_empty_space][vc_single_image image=&#8221;22614&#8243; img_size=&#8221;full&#8221; alignment=&#8221;center&#8221; onclick=&#8221;custom_link&#8221; img_link_target=&#8221;_blank&#8221; link=&#8221;http:\/\/prospektusnyomda.hu\/wp-content\/uploads\/2020\/06\/mnyt_3szin_24x12.pdf&#8221;][vc_empty_space][vc_single_image image=&#8221;22613&#8243; img_size=&#8221;full&#8221; alignment=&#8221;center&#8221; onclick=&#8221;custom_link&#8221; img_link_target=&#8221;_blank&#8221; link=&#8221;http:\/\/prospektusnyomda.hu\/wp-content\/uploads\/2020\/06\/mnyt_3szin_24x12.zip&#8221;]<\/div><\/div><\/div><div class=\"wpb_column vc_column_container vc_col-sm-4  col-xs-mobile-fullwidth\"><div class=\"vc_column-inner \"><div class=\"wpb_wrapper\">[vc_single_image image=&#8221;22606&#8243; img_size=&#8221;full&#8221; alignment=&#8221;center&#8221;]<div class=\"last-paragraph-no-margin\"><p style=\"text-align: center;\">fekete (30 x 15 mm)<\/p>\n<\/div>[vc_separator][vc_empty_space][vc_single_image image=&#8221;22614&#8243; img_size=&#8221;full&#8221; alignment=&#8221;center&#8221; onclick=&#8221;custom_link&#8221; img_link_target=&#8221;_blank&#8221; link=&#8221;http:\/\/prospektusnyomda.hu\/wp-content\/uploads\/2020\/06\/mnyt_3szin_30x15.pdf&#8221;][vc_empty_space][vc_single_image image=&#8221;22613&#8243; img_size=&#8221;full&#8221; alignment=&#8221;center&#8221; onclick=&#8221;custom_link&#8221; img_link_target=&#8221;_blank&#8221; link=&#8221;http:\/\/prospektusnyomda.hu\/wp-content\/uploads\/2020\/06\/mnyt_3szin_30x15-1.zip&#8221;]<\/div><\/div><\/div><\/div><div class=\"vc_row wpb_row vc_inner vc_row-fluid\"><div class=\"wpb_column vc_column_container vc_col-sm-12  col-xs-mobile-fullwidth\"><div class=\"vc_column-inner \"><div class=\"wpb_wrapper\">[vc_empty_space height=&#8221;50px&#8221;][vc_zigzag color=&#8221;juicy_pink&#8221;][vc_empty_space height=&#8221;50px&#8221;]<\/div><\/div><\/div><\/div><div class=\"vc_row wpb_row vc_inner vc_row-fluid\"><div class=\"wpb_column vc_column_container vc_col-sm-4  col-xs-mobile-fullwidth\"><div class=\"vc_column-inner \"><div class=\"wpb_wrapper\">[vc_single_image image=&#8221;22609&#8243; img_size=&#8221;full&#8221; alignment=&#8221;center&#8221;]<div class=\"last-paragraph-no-margin\"><p style=\"text-align: center;\">fekete inverz (18 x 9 mm)<\/p>\n<\/div>[vc_separator][vc_empty_space][vc_single_image image=&#8221;22614&#8243; img_size=&#8221;full&#8221; alignment=&#8221;center&#8221; onclick=&#8221;custom_link&#8221; img_link_target=&#8221;_blank&#8221; link=&#8221;http:\/\/prospektusnyomda.hu\/wp-content\/uploads\/2020\/06\/mnyt_ffinv_18x9.pdf&#8221;][vc_empty_space][vc_single_image image=&#8221;22613&#8243; img_size=&#8221;full&#8221; alignment=&#8221;center&#8221; onclick=&#8221;custom_link&#8221; img_link_target=&#8221;_blank&#8221; link=&#8221;http:\/\/prospektusnyomda.hu\/wp-content\/uploads\/2020\/06\/mnyt_ffinv_18x9.zip&#8221;][vc_empty_space]<\/div><\/div><\/div><div class=\"wpb_column vc_column_container vc_col-sm-4  col-xs-mobile-fullwidth\"><div class=\"vc_column-inner \"><div class=\"wpb_wrapper\">[vc_single_image image=&#8221;22609&#8243; img_size=&#8221;full&#8221; alignment=&#8221;center&#8221;]<div class=\"last-paragraph-no-margin\"><p style=\"text-align: center;\">fekete inverz (24 x 12 mm)<\/p>\n<\/div>[vc_separator][vc_empty_space][vc_single_image image=&#8221;22614&#8243; img_size=&#8221;full&#8221; alignment=&#8221;center&#8221; onclick=&#8221;custom_link&#8221; img_link_target=&#8221;_blank&#8221; link=&#8221;http:\/\/prospektusnyomda.hu\/wp-content\/uploads\/2020\/06\/mnyt_ffinv_24x12.pdf&#8221;][vc_empty_space][vc_single_image image=&#8221;22613&#8243; img_size=&#8221;full&#8221; alignment=&#8221;center&#8221; onclick=&#8221;custom_link&#8221; img_link_target=&#8221;_blank&#8221; link=&#8221;http:\/\/prospektusnyomda.hu\/wp-content\/uploads\/2020\/06\/mnyt_ffinv_24x12.zip&#8221;][vc_empty_space]<\/div><\/div><\/div><div class=\"wpb_column vc_column_container vc_col-sm-4  col-xs-mobile-fullwidth\"><div class=\"vc_column-inner \"><div class=\"wpb_wrapper\">[vc_single_image image=&#8221;22609&#8243; img_size=&#8221;full&#8221; alignment=&#8221;center&#8221;]<div class=\"last-paragraph-no-margin\"><p style=\"text-align: center;\">fekete inverz (30 x 15 mm)<\/p>\n<\/div>[vc_separator][vc_empty_space][vc_single_image image=&#8221;22614&#8243; img_size=&#8221;full&#8221; alignment=&#8221;center&#8221; onclick=&#8221;custom_link&#8221; img_link_target=&#8221;_blank&#8221; link=&#8221;http:\/\/prospektusnyomda.hu\/wp-content\/uploads\/2020\/06\/mnyt_ffinv_30x15.pdf&#8221;][vc_empty_space][vc_single_image image=&#8221;22613&#8243; img_size=&#8221;full&#8221; alignment=&#8221;center&#8221; onclick=&#8221;custom_link&#8221; img_link_target=&#8221;_blank&#8221; link=&#8221;http:\/\/prospektusnyomda.hu\/wp-content\/uploads\/2020\/06\/mnyt_ffinv_30x15.zip&#8221;][vc_empty_space]<\/div><\/div><\/div><\/div><\/div><\/div><\/div><\/section>\n<\/div>","protected":false},"excerpt":{"rendered":"[vc_custom_heading text=\"Magyar Nyomdaterm\u00e9k V\u00e9djegy\" font_container=\"tag:h2|text_align:center\" use_theme_fonts=\"yes\"] A Magyar Nyomdaterm\u00e9k v\u00e9djegy a fogyaszt\u00f3 sz\u00e1m\u00e1ra tan\u00fas\u00edtja, hogy a gy\u00e1rt\u00f3 a t\u0151le elv\u00e1rhat\u00f3 legmagasabb min\u0151s\u00e9gben, tud\u00e1sa legjav\u00e1t adva k\u00e9sz\u00edtette el a term\u00e9ket. Tan\u00fas\u00edtja tov\u00e1bb\u00e1, hogy a c\u00e9g a jogszab\u00e1lyok \u00e9s az \u00fczleti \u00e9letben szok\u00e1sos magatart\u00e1si szab\u00e1lyok szerint m\u0171k\u00f6dik, b\u00e1rmikor leinform\u00e1lhat\u00f3, hiszen a sz\u00f6vets\u00e9g tagja. V\u00e9g\u00fcl, de nem utols\u00f3sorban arr\u00f3l t\u00e1j\u00e9koztatja a fogyaszt\u00f3t, hogy a term\u00e9k magyarorsz\u00e1gi nyomd\u00e1ban k\u00e9sz\u00fclt. A Magyar Nyomdaterm\u00e9k log\u00f3 a Nyomda- \u00e9s Pap\u00edripari Sz\u00f6vets\u00e9g szellemi term\u00e9ke \u00e9s kiz\u00e1r\u00f3lagos tulajdona, melyet a Sz\u00f6vets\u00e9g enged\u00e9ly\u00e9vel \u00e9s a szab\u00e1lyzat el\u0151\u00edr\u00e1sainak betart\u00e1s\u00e1val a Prospektus Nyomda is haszn\u00e1lhat az \u00e1ltala el\u0151\u00e1ll\u00edtott term\u00e9keken. Let\u00f6lthet\u0151 tervez\u00e9si seg\u00e9dlet a Magyar Nyomdaterm\u00e9k Log\u00f3 haszn\u00e1lat\u00e1hoz: Tervez\u00e9si segedlet.pdf [vc_single_image image=\"22612\" img_size=\"full\" alignment=\"center\"]sz\u00ednes (18 x 9 mm) [vc_separator][vc_empty_space][vc_single_image image=\"22614\" img_size=\"full\" alignment=\"center\" onclick=\"custom_link\" img_link_target=\"_blank\" link=\"http:\/\/prospektusnyomda.hu\/wp-content\/uploads\/2020\/06\/mnyt_3szin_18x9.pdf\"][vc_empty_space][vc_single_image image=\"22613\" img_size=\"full\" alignment=\"center\" onclick=\"custom_link\" img_link_target=\"_blank\" link=\"http:\/\/prospektusnyomda.hu\/wp-content\/uploads\/2020\/06\/mnyt_3szin_18x9.zip\"][vc_single_image image=\"22612\" img_size=\"full\" alignment=\"center\"]\u00a0sz\u00ednes (24 x 12 mm) [vc_separator][vc_empty_space][vc_single_image image=\"22614\" img_size=\"full\" alignment=\"center\" onclick=\"custom_link\" img_link_target=\"_blank\" link=\"http:\/\/prospektusnyomda.hu\/wp-content\/uploads\/2020\/06\/mnyt_3szin_24x12.pdf\"][vc_empty_space][vc_single_image image=\"22613\" img_size=\"full\" alignment=\"center\" onclick=\"custom_link\" img_link_target=\"_blank\" link=\"http:\/\/prospektusnyomda.hu\/wp-content\/uploads\/2020\/06\/mnyt_3szin_24x12.zip\"][vc_single_image image=\"22612\" img_size=\"full\" alignment=\"center\"]sz\u00ednes (30 x 15 mm) [vc_separator][vc_empty_space][vc_single_image image=\"22614\" img_size=\"full\" alignment=\"center\" onclick=\"custom_link\" img_link_target=\"_blank\" link=\"http:\/\/prospektusnyomda.hu\/wp-content\/uploads\/2020\/06\/mnyt_3szin_30x15.pdf\"][vc_empty_space][vc_single_image image=\"22613\" img_size=\"full\" alignment=\"center\" onclick=\"custom_link\" img_link_target=\"_blank\" link=\"http:\/\/prospektusnyomda.hu\/wp-content\/uploads\/2020\/06\/mnyt_3szin_30x15-1.zip\"][vc_empty_space height=\"50px\"][vc_zigzag color=\"juicy_pink\"][vc_single_image image=\"22606\" img_size=\"full\" alignment=\"center\"]fekete (18 x 9 mm) [vc_separator][vc_empty_space][vc_single_image image=\"22614\" img_size=\"full\" alignment=\"center\" onclick=\"custom_link\" img_link_target=\"_blank\" link=\"http:\/\/prospektusnyomda.hu\/wp-content\/uploads\/2020\/06\/mnyt_3szin_18x9.pdf\"][vc_empty_space][vc_single_image image=\"22613\" img_size=\"full\" alignment=\"center\" onclick=\"custom_link\" img_link_target=\"_blank\" link=\"http:\/\/prospektusnyomda.hu\/wp-content\/uploads\/2020\/06\/mnyt_3szin_18x9.zip\"][vc_single_image image=\"22606\" img_size=\"full\" alignment=\"center\"]fekete (24 x 12 mm) [vc_separator][vc_empty_space][vc_single_image image=\"22614\" img_size=\"full\"...","protected":false},"author":1,"featured_media":0,"parent":0,"menu_order":0,"comment_status":"closed","ping_status":"closed","template":"","meta":{"om_disable_all_campaigns":false,"rs_blank_template":"","rs_page_bg_color":"","slide_template_v7":"","_monsterinsights_skip_tracking":false,"_monsterinsights_sitenote_active":false,"_monsterinsights_sitenote_note":"","_monsterinsights_sitenote_category":0,"footnotes":""},"class_list":["post-22538","page","type-page","status-publish","hentry"],"translation":{"provider":"WPGlobus","version":"3.0.2","language":"de","enabled_languages":["hu","gb","de"],"languages":{"hu":{"title":true,"content":true,"excerpt":false},"gb":{"title":false,"content":false,"excerpt":false},"de":{"title":false,"content":false,"excerpt":false}}},"aioseo_notices":[],"_links":{"self":[{"href":"https:\/\/prospektusnyomda.hu\/de\/wp-json\/wp\/v2\/pages\/22538","targetHints":{"allow":["GET"]}}],"collection":[{"href":"https:\/\/prospektusnyomda.hu\/de\/wp-json\/wp\/v2\/pages"}],"about":[{"href":"https:\/\/prospektusnyomda.hu\/de\/wp-json\/wp\/v2\/types\/page"}],"author":[{"embeddable":true,"href":"https:\/\/prospektusnyomda.hu\/de\/wp-json\/wp\/v2\/users\/1"}],"replies":[{"embeddable":true,"href":"https:\/\/prospektusnyomda.hu\/de\/wp-json\/wp\/v2\/comments?post=22538"}],"version-history":[{"count":6,"href":"https:\/\/prospektusnyomda.hu\/de\/wp-json\/wp\/v2\/pages\/22538\/revisions"}],"predecessor-version":[{"id":22646,"href":"https:\/\/prospektusnyomda.hu\/de\/wp-json\/wp\/v2\/pages\/22538\/revisions\/22646"}],"wp:attachment":[{"href":"https:\/\/prospektusnyomda.hu\/de\/wp-json\/wp\/v2\/media?parent=22538"}],"curies":[{"name":"wp","href":"https:\/\/api.w.org\/{rel}","templated":true}]}}