{"id":22544,"date":"2020-05-06T06:28:50","date_gmt":"2020-05-06T06:28:50","guid":{"rendered":"http:\/\/prospektusnyomda.hu\/?page_id=22544"},"modified":"2023-07-24T10:33:38","modified_gmt":"2023-07-24T10:33:38","slug":"aszf","status":"publish","type":"page","link":"https:\/\/prospektusnyomda.hu\/de\/aszf\/","title":{"rendered":"AGB"},"content":{"rendered":"<div class=\"wpb-content-wrapper\"><section class=\"vc_row wpb_row vc_row-fluid\"><div class=\"wpb_column vc_column_container vc_col-sm-12  col-xs-mobile-fullwidth\"><div class=\"vc_column-inner \"><div class=\"wpb_wrapper\">[vc_custom_heading text=&#8221;Allgemeine Gesch\u00e4ftsbedingungen \u2013 Fa. PROSPEKTUS Kft.&#8221; font_container=&#8221;tag:h2|text_align:center&#8221; use_theme_fonts=&#8221;yes&#8221;][vc_btn title=&#8221;Herunterladen&#8221; color=&#8221;danger&#8221; align=&#8221;center&#8221; link=&#8221;url:https%3A%2F%2Fprospektusnyomda.hu%2Fwp-content%2Fuploads%2F2023%2F07%2FAGBs.pdf&#8221;]<\/div><\/div><\/div><\/section>\n<\/div>","protected":false},"excerpt":{"rendered":"{:hu}[vc_custom_heading text=\"\u00c1ltal\u00e1nos Sz\u00e1ll\u00edt\u00e1si Felt\u00e9telek \u2013 PROSPEKTUS Kft.\" font_container=\"tag:h2|text_align:center\" use_theme_fonts=\"yes\"][vc_btn title=\"Let\u00f6lt\u00e9s\" color=\"danger\" align=\"center\" link=\"url:http%3A%2F%2Fprospektusnyomda.hu%2Fwp-content%2Fuploads%2F2020%2F06%2Faszf_HU_uj.pdf|||\"]{:}{:gb}[vc_custom_heading text=\"General Terms & Conditions \u2013 PROSPEKTUS Ltd.\" font_container=\"tag:h2|text_align:center\" use_theme_fonts=\"yes\"][vc_btn title=\"Download\" color=\"danger\" align=\"center\" link=\"url:http%3A%2F%2Fprospektusnyomda.hu%2Fwp-content%2Fuploads%2F2020%2F08%2Faszf_ENG_uj.pdf|||\"]{:}{:de}[vc_custom_heading text=\"Allgemeine Gesch\u00e4ftsbedingungen \u2013 Fa. PROSPEKTUS Kft.\" font_container=\"tag:h2|text_align:center\" use_theme_fonts=\"yes\"][vc_btn title=\"Herunterladen\" color=\"danger\" align=\"center\" link=\"url:https%3A%2F%2Fprospektusnyomda.hu%2Fwp-content%2Fuploads%2F2023%2F07%2FAGBs.pdf\"]{:}","protected":false},"author":1,"featured_media":0,"parent":0,"menu_order":0,"comment_status":"closed","ping_status":"closed","template":"","meta":{"om_disable_all_campaigns":false,"rs_blank_template":"","rs_page_bg_color":"","slide_template_v7":"","_monsterinsights_skip_tracking":false,"_monsterinsights_sitenote_active":false,"_monsterinsights_sitenote_note":"","_monsterinsights_sitenote_category":0,"footnotes":""},"class_list":["post-22544","page","type-page","status-publish","hentry"],"translation":{"provider":"WPGlobus","version":"3.0.2","language":"de","enabled_languages":["hu","gb","de"],"languages":{"hu":{"title":true,"content":true,"excerpt":false},"gb":{"title":true,"content":true,"excerpt":false},"de":{"title":true,"content":true,"excerpt":false}}},"aioseo_notices":[],"_links":{"self":[{"href":"https:\/\/prospektusnyomda.hu\/de\/wp-json\/wp\/v2\/pages\/22544","targetHints":{"allow":["GET"]}}],"collection":[{"href":"https:\/\/prospektusnyomda.hu\/de\/wp-json\/wp\/v2\/pages"}],"about":[{"href":"https:\/\/prospektusnyomda.hu\/de\/wp-json\/wp\/v2\/types\/page"}],"author":[{"embeddable":true,"href":"https:\/\/prospektusnyomda.hu\/de\/wp-json\/wp\/v2\/users\/1"}],"replies":[{"embeddable":true,"href":"https:\/\/prospektusnyomda.hu\/de\/wp-json\/wp\/v2\/comments?post=22544"}],"version-history":[{"count":8,"href":"https:\/\/prospektusnyomda.hu\/de\/wp-json\/wp\/v2\/pages\/22544\/revisions"}],"predecessor-version":[{"id":22794,"href":"https:\/\/prospektusnyomda.hu\/de\/wp-json\/wp\/v2\/pages\/22544\/revisions\/22794"}],"wp:attachment":[{"href":"https:\/\/prospektusnyomda.hu\/de\/wp-json\/wp\/v2\/media?parent=22544"}],"curies":[{"name":"wp","href":"https:\/\/api.w.org\/{rel}","templated":true}]}}