{"id":22546,"date":"2020-05-06T06:29:05","date_gmt":"2020-05-06T06:29:05","guid":{"rendered":"http:\/\/prospektusnyomda.hu\/?page_id=22546"},"modified":"2020-08-31T11:51:35","modified_gmt":"2020-08-31T11:51:35","slug":"ekaer","status":"publish","type":"page","link":"https:\/\/prospektusnyomda.hu\/de\/ekaer\/","title":{"rendered":"Neues Warenlieferungs Kontrollsystem in Ungarn"},"content":{"rendered":"<div class=\"wpb-content-wrapper\"><section class=\"vc_row wpb_row vc_row-fluid\"><div class=\"wpb_column vc_column_container vc_col-sm-12  col-xs-mobile-fullwidth\"><div class=\"vc_column-inner \"><div class=\"wpb_wrapper\"><div class=\"last-paragraph-no-margin\"><p style=\"text-align: center;\"><strong>Neues Warenlieferungs Kontrollsystem in Ungarn<\/strong><\/p>\n<p style=\"text-align: center;\">Ab 1. Januar 2015 tritt das EKAER in Kraft, dessen Ziel, die Verminderung des Mehrwertsteuerbetruges im Transport auf den ungarischen Stra\u00dfen ist.<\/p>\n<p>&nbsp;<\/p>\n<p style=\"text-align: center;\"><strong>EKAER Nummer und EKAER Kennzeichen<\/strong><\/p>\n<p style=\"text-align: center;\">Elektronisches Stra\u00dfen-Transport Kontrollsystem \u2013 EKAER \u2013 auf diesen Namen wird die Vorschrift bekannt, die in Ungarn ab 1. Januar 2015 in Kraft tritt, und dessen Ziel, die m\u00f6glichst vollst\u00e4ndigste Filterung des Mehrwertsteuerbetruges, und die Minimalisierung deren M\u00f6glichkeiten im Stra\u00dfen-Transport ist. Dem entsprechend kontrolliert das System einerseits die Bewegung der Waren, die innerhalb der ungarischen Grenze transportiert werden, anderseits die Waren, die sich zwischen Ungarn und anderen EU \u2013 Mitgliedstaaten im Stra\u00dfen-Transport bewegen.<\/p>\n<p style=\"text-align: center;\">Nach dem die Gesetz-\u00c4nderung in Kraft tritt, d\u00fcrfen ausschlie\u00dflich nur solche Steuerzahler sich mit T\u00e4tigkeiten, die Stra\u00dfen-Transport ben\u00f6tigen, besch\u00e4ftigen, die \u00fcber eine EKAER Nummer verf\u00fcgen. Zur Anforderung dieser Nummer ist der Steuerzahler verpflichtet, sich bei der jeweiligen Staatlichen Steuer- und Zoll Beh\u00f6rde anzumelden, den Inhalt dieser Anmeldung enth\u00e4lt die Gesetzanlage Nummer 11.<\/p>\n<p style=\"text-align: center;\"><strong>Wie funktioniert die EKAER Nummer?<\/strong><\/p>\n<p style=\"text-align: center;\">F\u00fcr den Stra\u00dfen-Transport mit Maut-verpflichteten Fahrzeugen, wird die Anforderung einer EKAER Nummer vorgeschrieben. Die Anmeldung, erm\u00f6glicht die elektronische Interface der EKAER, alle angeforderten Nummern sind 15 Tage lang g\u00fcltig und die Personen, die Transport organisieren oder durchf\u00fchren m\u00fcssen \u00fcber so eine Nummer verf\u00fcgen, denn im Fall einer amtlichen Kontrolle, muss diese vorgezeigt werden.<\/p>\n<p>&nbsp;<\/p>\n<p style=\"text-align: center;\"><strong>Wer muss in Ungarn Maut bezahlen?<\/strong><\/p>\n<p style=\"text-align: center;\">Die Fahrt- angemessene Maut ist in Ungarn ausschlie\u00dflich den Fahrzeugen \u00fcber 3,5 Tonnen, auf der Autobahn vorgeschrieben, und auf den gesetzlich bestimmten Stra\u00dfen, Streckenabschnitten. Diese Maut ist der Fahrstrecke angemessen, und den Ma\u00df bestimmt die Anzahl der Achsen und die Umweltschutz-Kategorie. Die Fahrzeuge unter 3,5 Tonnen bezahlen auf den Maut verpflichteten Stra\u00dfen, zum Beispiel Autobahn im sogenannten Vignettensystem die Steuern, die nicht Fahrstrecken angemessen sind, sondern einen Fix-Preis haben und f\u00fcr ein bestimmtes Zeit-Intervall kaufbar sind.<\/p>\n<p style=\"text-align: center;\"><strong>Wer hat Anmeldepflicht?<\/strong><\/p>\n<p style=\"text-align: center;\">Die Anforderung einer EKAER Nummer, bei jedem Transport ist f\u00fcr die vorgeschrieben, die aus anderen EU-Mitgliedstaaten nach Ungarn, zur Besorgung von Waren kommen, oder aus anderen Gr\u00fcnden mit Stra\u00dfen-Transport, Waren einf\u00fchren; die aus Ungarn im Rahmen von Stra\u00dfen-Transport zum Produktverkauf oder aus anderen Grund Waren in andere EU-Mitgliedstaaten transportieren; weiterhin alle, die anhand Stra\u00dfen-Transport Steuer verpflichtete Produkte f\u00fcr nicht Endverbraucher verkaufen.<\/p>\n<p style=\"text-align: center;\">Au\u00dfer dem kennt das Gesetz den Begriff der riskanten Lebensmittel und der riskanten Ware. Die ausf\u00fchrlichen Regulierungen, bez\u00fcglich den riskanten Waren werden im Rahmen der NGM Anordnung bestimmt, die Einzelheiten dieser Regulierung sind noch nicht bekannt.<\/p>\n<p style=\"text-align: center;\">F\u00fcr diese Produkte ist es war, dass neben dem Erreichen einer bestimmten Gewicht- und Preisgrenze, deren Anmeldung vorgeschrieben ist, auch dann, wenn der Transport mit einem nicht Fahrstrecken angemessenem mautzahlungs pflichtigem Fahrzeug passiert. Im Fall von riskanten Lebensmitteln ist f\u00fcr einen Empf\u00e4nger mindestens 200 Kilogramm oder 250 tausend Forint steuerfreie Gegenleistung die Grenze der Anmeldung, w\u00e4hrend f\u00fcr andere riskanten Produkte f\u00fcr einen Empf\u00e4nger, bei \u00dcberschreiten von mindestens 500 Kilogramm, bzw. 1 Millionen Forint steuerfreie Gegenleistung, die Anmeldung vorgeschrieben ist.<\/p>\n<p style=\"text-align: center;\">Alle Milit\u00e4rfahrzeuge, und solche Fahrzeuge, die internationale Hilfsg\u00fcter transportieren, sind nicht verpflichtet eine EKAER Nummer anzufordern.<\/p>\n<p style=\"text-align: center;\"><strong>F\u00fcr wen ist die Risikosicherung vorgeschrieben?<\/strong><\/p>\n<p style=\"text-align: center;\">All die Steuerzahler, m\u00fcssen Risikosicherung zahlen, die sich mit solchen T\u00e4tigkeiten besch\u00e4ftigen wo Stra\u00dfen-Transport n\u00f6tig ist und die den EKAER Nummer verpflichteten Transport, mit riskanten Produkten machen. Ausnahme, Stra\u00dfen-Transport f\u00fcr Lohnarbeit.<\/p>\n<p style=\"text-align: center;\">Die Regulierung beschreibt die genaue Berechnungsweise der Risikosicherung, und auch, wenn ein Spediteur zur gleichen Zeit mehrere Transporte startet oder in derselben Zeit mehrere Transporte auf dem Weg sind, ist ausschlie\u00dflich die Zahlung der Risikosicherung der Lieferung mit dem gr\u00f6\u00dften Wert vorgeschrieben.<\/p>\n<p style=\"text-align: center;\">Die Verpflichtung der Risikosicherung wird erf\u00fcllbar, mit der Bezahlung einer Kaution auf ein isoliertes Konto, das von der staatlichen Steuerbeh\u00f6rde gesichert wird, oder mit Garantie. Die Beh\u00f6rde erm\u00f6glicht die Abfrage und die Nachverfolgung, f\u00fcr den Steuerzahler, der Risikosicherung Zahlung verpflichtet ist, auf einem elektronischen Interface.<\/p>\n<p style=\"text-align: center;\">Befreit von der Risikosicherungspflicht sind all die Steuerzahler, die in der qualifizierten Datenbank der Steuerbeh\u00f6rde vorhanden sind, die mindesten seit zwei Jahren in der Datenbank der Staatsverschuldung-Freien sind und die, die im Zeitpunkt der Anmeldung nicht im Geltungsbereich der Steuernummer Suspension sind.<\/p>\n<p style=\"text-align: center;\"><strong>Welche Folgen hat die Rechtsverletzung, bez\u00fcglich der EKAER Nummer?<\/strong><\/p>\n<p style=\"text-align: center;\">Im Fall von Lebenden Tieren oder schnell verderbenden Lebensmitteln nicht, aber bez\u00fcglich anderen Waren, wenn die Art der Ware, die Risiken, weiterhin wenn die Lieferung und der Bestimmungsort nicht im Zusammenhang sind, bzw. wenn der Steuerzahler die Aussage verweigert, beschlagnahmt die Beh\u00f6rde zur Produkt-Identifizierung die Lieferung. Dies kann ein, mit Amts-Siegel gekennzeichnetes Paket- oder Frachtverschluss sein, dessen Unversehrtheit die Beh\u00f6rde im Landesinneren pr\u00fcfen kann, \u00fcber die Entfernung des Siegels entscheidet und bestimmt sie selbst.<\/p>\n<p style=\"text-align: center;\">Wenn der Steuerzahler die EKAER Nummer Anforderungs- Verpflichtungen nicht einh\u00e4lt oder nur einen Teil der Lieferung ank\u00fcndigt, dann gilt die Lieferung oder deren nicht angek\u00fcndigter Teil als Lieferung unidentifizierter Herkunft, so kann die Steuerbeh\u00f6rde eine Unterlassungs-Geldbu\u00dfe verh\u00e4ngen. Die Unterlassungs-Geldbu\u00dfe betr\u00e4gt h\u00f6chstens 40 % vom Wert der nicht angek\u00fcndigten Ware.<\/p>\n<p style=\"text-align: center;\">Neben dem Verh\u00e4ngen von Unterlassungs-Geldbu\u00dfen kann die Beh\u00f6rde einen Teil der Ware, entsprechend dem Wert der Bu\u00dfen, zur Sicherung beschlagnahmen, au\u00dfer wenn die Ware Lebendes Tier oder schnell verderbendes Lebensmittel ist. \u00dcber die Beschlagnahme macht der Bu\u00dfen Verh\u00e4nger einen Beschluss, es wird ein Protokoll angefertigt, und die Lieferung wird in Verschluss genommen oder es wird auf die Kosten des Steuerzahlers zur Verwahrung transportiert.<\/p>\n<p style=\"text-align: center;\"><strong>Bez\u00fcglich allen Lieferungen, die nach 1. Januar 2015 gestartet werden, m\u00fcssen die Vorschriften der EKAER eingehalten werden.<\/strong><\/p>\n<\/div><\/div><\/div><\/div><\/section>\n<\/div>","protected":false},"excerpt":{"rendered":"{:hu}Mi az Elektronikus K\u00f6z\u00fati \u00c1ruforgalom Ellen\u0151rz\u0151 Rendszer? &nbsp; \u00daj fegyvere van a korm\u00e1nynak az \u00e1facsal\u00e1s visszaszor\u00edt\u00e1s\u00e1ra, ez pedig nem m\u00e1s, mint az EK\u00c1ER, ami m\u00e1r szerepel a 2015-\u00f6s ad\u00f3v\u00e1ltoz\u00e1sok k\u00f6z\u00f6tt. Aki ennek nem tesz eleget, az hat\u00f3s\u00e1gi z\u00e1rral, igen komoly mulaszt\u00e1si b\u00edrs\u00e1ggal, lefoglal\u00e1ssal sz\u00e1molhat. &nbsp; Mit takar pontosan az EK\u00c1ER sz\u00e1m \u00e9s az EK\u00c1ER rendszer fogalma? Megv\u00e1ltozik az ad\u00f3z\u00e1s rendj\u00e9r\u0151l sz\u00f3l\u00f3 t\u00f6rv\u00e9ny a j\u00f6v\u0151 \u00e9vt\u0151l. A legnagyobb v\u00e1ltoz\u00e1s minden k\u00e9ts\u00e9get kiz\u00e1r\u00f3an az lesz, hogy l\u00e9trej\u00f6n az \u00e1facsal\u00e1sok visszaszor\u00edt\u00e1s\u00e1ra kialak\u00edtott k\u00f6z\u00fati \u00e1ruforgalom-ellen\u0151rz\u0151 rendszer (EKAER). Az EKAER-nek k\u00f6sz\u00f6nhet\u0151en ellen\u0151rizhet\u0151v\u00e9 v\u00e1lik az EU b\u00e1rmely tag\u00e1llam\u00e1b\u00f3l Magyarorsz\u00e1gra, vagy ford\u00edtva, Magyarorsz\u00e1gr\u00f3l egy EU-s orsz\u00e1gba ir\u00e1nyul\u00f3, az adott term\u00e9k k\u00f6z\u00faton val\u00f3 fuvaroz\u00e1s\u00e1val, valamint az orsz\u00e1gon bel\u00fcl t\u00f6rt\u00e9n\u0151 k\u00f6z\u00fati fuvaroz\u00e1s\u00e1val \u00f6sszef\u00fcgg\u0151 ad\u00f3k\u00f6telezetts\u00e9gek teljes\u00edt\u00e9se. K\u00f6telez\u0151 bejelent\u00e9s K\u00f6z\u00fati fuvaroz\u00e1ssal j\u00e1r\u00f3 tev\u00e9kenys\u00e9get a j\u00f6v\u0151 \u00e9v janu\u00e1r elsej\u00e9t\u0151l csak olyan ad\u00f3z\u00f3 folytathat, aki rendelkezik Elektronikus K\u00f6z\u00fati \u00c1ruforgalom Ellen\u0151rz\u0151 Rendszer (EK\u00c1ER) sz\u00e1mmal. A szab\u00e1lyoz\u00e1s akkor \u00e9rv\u00e9nyes, ha: \u00datd\u00edjk\u00f6teles g\u00e9pj\u00e1rm\u0171vel v\u00e9gzik a k\u00f6z\u00fati fuvaroz\u00e1st a)\u00a0az Eur\u00f3pai Uni\u00f3 valamely tag\u00e1llam\u00e1b\u00f3l Magyarorsz\u00e1gra hoznak be term\u00e9ket, b)\u00a0Magyarorsz\u00e1g az Eur\u00f3pai Uni\u00f3 valamelyik orsz\u00e1g\u00e1ba visznek ki term\u00e9ket, c)\u00a0belf\u00f6ldi forgalomban, els\u0151 ad\u00f3k\u00f6teles term\u00e9k\u00e9rt\u00e9kes\u00edt\u00e9s eset\u00e9n nem v\u00e9gfelhaszn\u00e1l\u00f3 sz\u00e1m\u00e1ra. Ha az el\u0151bb felsorolt esetek b\u00e1rmelyike fenn\u00e1ll, az ad\u00f3z\u00f3k k\u00f6telesek az \u00e1llami ad\u00f3- \u00e9s v\u00e1mhat\u00f3s\u00e1ghoz bejelent\u00e9st tenni, az ad\u00f3z\u00e1s rendj\u00e9r\u0151l sz\u00f3l\u00f3 t\u00f6rv\u00e9ny...","protected":false},"author":1,"featured_media":0,"parent":0,"menu_order":0,"comment_status":"closed","ping_status":"closed","template":"","meta":{"om_disable_all_campaigns":false,"rs_blank_template":"","rs_page_bg_color":"","slide_template_v7":"","_monsterinsights_skip_tracking":false,"_monsterinsights_sitenote_active":false,"_monsterinsights_sitenote_note":"","_monsterinsights_sitenote_category":0,"footnotes":""},"class_list":["post-22546","page","type-page","status-publish","hentry"],"translation":{"provider":"WPGlobus","version":"3.0.2","language":"de","enabled_languages":["hu","gb","de"],"languages":{"hu":{"title":true,"content":true,"excerpt":false},"gb":{"title":true,"content":true,"excerpt":false},"de":{"title":true,"content":true,"excerpt":false}}},"aioseo_notices":[],"_links":{"self":[{"href":"https:\/\/prospektusnyomda.hu\/de\/wp-json\/wp\/v2\/pages\/22546","targetHints":{"allow":["GET"]}}],"collection":[{"href":"https:\/\/prospektusnyomda.hu\/de\/wp-json\/wp\/v2\/pages"}],"about":[{"href":"https:\/\/prospektusnyomda.hu\/de\/wp-json\/wp\/v2\/types\/page"}],"author":[{"embeddable":true,"href":"https:\/\/prospektusnyomda.hu\/de\/wp-json\/wp\/v2\/users\/1"}],"replies":[{"embeddable":true,"href":"https:\/\/prospektusnyomda.hu\/de\/wp-json\/wp\/v2\/comments?post=22546"}],"version-history":[{"count":6,"href":"https:\/\/prospektusnyomda.hu\/de\/wp-json\/wp\/v2\/pages\/22546\/revisions"}],"predecessor-version":[{"id":22714,"href":"https:\/\/prospektusnyomda.hu\/de\/wp-json\/wp\/v2\/pages\/22546\/revisions\/22714"}],"wp:attachment":[{"href":"https:\/\/prospektusnyomda.hu\/de\/wp-json\/wp\/v2\/media?parent=22546"}],"curies":[{"name":"wp","href":"https:\/\/api.w.org\/{rel}","templated":true}]}}