{"id":22938,"date":"2020-07-27T10:57:36","date_gmt":"2020-07-27T10:57:36","guid":{"rendered":"http:\/\/prospektusnyomda.hu\/?page_id=22938"},"modified":"2024-08-26T12:53:38","modified_gmt":"2024-08-26T12:53:38","slug":"szechenyi2020","status":"publish","type":"page","link":"https:\/\/prospektusnyomda.hu\/de\/szechenyi2020\/","title":{"rendered":"Sz\u00e9chenyi2020"},"content":{"rendered":"<div class=\"wpb-content-wrapper\"><section class=\"vc_row wpb_row vc_row-fluid\"><div class=\"wpb_column vc_column_container vc_col-sm-12  col-xs-mobile-fullwidth\"><div class=\"vc_column-inner \"><div class=\"wpb_wrapper\">[vc_single_image image=&#8221;23355&#8243; img_size=&#8221;full&#8221; alignment=&#8221;center&#8221; style=&#8221;vc_box_border&#8221; border_color=&#8221;blue&#8221;][vc_empty_space height=&#8221;50px&#8221;]<div class=\"last-paragraph-no-margin\"><p><strong>A Kedvezm\u00e9nyezett neve:<\/strong> Prospektus Kiadv\u00e1nyszerkeszt\u0151 \u00e9s Kivitelez\u0151 Korl\u00e1tolt Felel\u0151ss\u00e9g\u0171 T\u00e1rsas\u00e1g<\/p>\n<p><strong>A Projekt c\u00edme:<\/strong> Csomagol\u00e1stechnikai fejleszt\u00e9s \u00e9s korszer\u0171 dobozhajtogat\u00f3\u00a0 \u00e9s ragaszt\u00f3g\u00e9p beszerz\u00e9se.<\/p>\n<p><strong>A Szerz\u0151d\u00e9s t\u00e1mogat\u00e1s \u00f6sszege:<\/strong> 57.003.202,- Ft.<\/p>\n<p><strong>A T\u00e1mogat\u00e1s m\u00e9rt\u00e9ke:<\/strong> 67,6%<\/p>\n<p><strong>A Projekt tartalm\u00e1nak bemutat\u00e1sa: <\/strong><\/p>\n<p>A p\u00e1ly\u00e1zat keretein bel\u00fcl beszerz\u00e9sre ker\u00fclt 2 db. targonca \u00e9s 1 db. faltkarton doboz hajtogat\u00f3 \u00e9s ragaszt\u00f3g\u00e9p.<\/p>\n<p>A rakt\u00e1ri munk\u00e1k elv\u00e9gz\u00e9s\u00e9hez helyezt\u00fcnk \u00fczembe egy nagy tud\u00e1s\u00fa elektromos targonc\u00e1t (Caterpillar NR16N2) 480 cm-es emel\u00e9s magass\u00e1ggal \u00e9s egy kisebb m\u00e9ret\u0171 gyalogos targonc\u00e1t (Capetillar NSP16N2)\u00a0320 cm-es emel\u00e9si magass\u00e1ggal.<\/p>\n<p>Az elm\u00falt id\u0151ben a rakt\u00e1r dolgoz\u00f3i megszokt\u00e1k, megtanult\u00e1k az \u00faj berendez\u00e9sek haszn\u00e1lat\u00e1t, ezzel kiv\u00e1lthattuk a nagyon el\u00f6regedett, r\u00e9gi eszk\u00f6z\u00f6ket. Ezzel hossz\u00fa \u00e9vekre megoldottuk a rakt\u00e1ron bel\u00fcli anyagmozgat\u00e1s eszk\u00f6z ig\u00e9ny\u00e9t.<\/p>\n<p>A Prospektus Nyomda 7 \u00e9ve kezdett el faltkarton dobozok gy\u00e1rt\u00e1s\u00e1val foglakozni. Az elej\u00e9n egy haszn\u00e1lt, kis teljes\u00edtm\u00e9ny\u0171, korl\u00e1tozott lehet\u0151s\u00e9gekkel b\u00edr\u00f3 hajtogat\u00f3 ragaszt\u00f3g\u00e9pet haszn\u00e1ltunk. Id\u0151k\u00f6zben ez az \u00fczlet\u00e1g forgalma el\u00e9rte azt a nagys\u00e1grendet, amikor ez a berendez\u00e9s bizonyult a legsz\u0171kebb keresztmetszetnek. Ez\u00e9rt v\u00e1lt sz\u00fcks\u00e9gess\u00e9, egy sokkal nagyobb teljes\u00edtm\u00e9ny\u0171, prec\u00edzebb munk\u00e1ra k\u00e9pes \u00faj berendez\u00e9s beszerz\u00e9se. Ehhez a Lengyel Versor gy\u00e1r, Serto 60 K3+ t\u00edpus\u00fa g\u00e9p\u00e9re esett a v\u00e1laszt\u00e1sunk.<\/p>\n<p>A g\u00e9p \u00fczembe helyez\u00e9se \u00f3ta az \u00faj hajtogat\u00f3-ragaszt\u00f3g\u00e9p betanul\u00e1sa megt\u00f6rt\u00e9nt a g\u00e9p az elv\u00e1rt eredm\u00e9nyeket hozza.<\/p>\n<p><strong>A Projekt t\u00e9nyleges befejez\u00e9si d\u00e1tuma:<\/strong> 2021.03.24.<\/p>\n<p>A <strong>Projekt azonos\u00edt\u00f3<\/strong> <strong>sz\u00e1ma:<\/strong> GINOP-1.2.8-20-2020-02492<\/p>\n<\/div><\/div><\/div><\/div><\/section><section class=\"vc_row wpb_row vc_row-fluid\"><div class=\"wpb_column vc_column_container vc_col-sm-12  col-xs-mobile-fullwidth\"><div class=\"vc_column-inner \"><div class=\"wpb_wrapper\">[vc_single_image image=&#8221;23400&#8243; img_size=&#8221;full&#8221; alignment=&#8221;center&#8221; style=&#8221;vc_box_border&#8221; border_color=&#8221;blue&#8221;][vc_empty_space height=&#8221;50px&#8221;]<div class=\"last-paragraph-no-margin\"><p><strong>A Kedvezm\u00e9nyezett neve:<\/strong> Prospektus Kiadv\u00e1nyszerkeszt\u0151 \u00e9s Kivitelez\u0151 Korl\u00e1tolt Felel\u0151ss\u00e9g\u0171 T\u00e1rsas\u00e1g<\/p>\n<p><strong>A Projekt c\u00edme:<\/strong> PROSPEKTUS Kft. versenyk\u00e9pess\u00e9g\u00e9nek n\u00f6vel\u00e9se adapt\u00edv technol\u00f3giai innov\u00e1ci\u00f3 r\u00e9v\u00e9n<\/p>\n<p><strong>A Szerz\u0151d\u00e9s t\u00e1mogat\u00e1s \u00f6sszege:<\/strong> 13\u00a0482 520 Ft<\/p>\n<p><strong>A T\u00e1mogat\u00e1s m\u00e9rt\u00e9ke:<\/strong> 50%<\/p>\n<p><strong>A Projekt tartalm\u00e1nak bemutat\u00e1sa: <\/strong><\/p>\n<p>Projekt keret\u00e9ben beszerz\u00e9sre ker\u00fcl\u0151 eszk\u00f6z\u00f6k:<\/p>\n<ul>\n<li>1 db \u00faj PERFECTA 92 Premium Line egyenesv\u00e1g\u00f3g\u00e9p<\/li>\n<li>1 db \u00faj PERFECTA BSH 3-800 \u00edvk\u00f6teglift<\/li>\n<li>1 db \u00faj PERFECTA BSB 3L r\u00e1z\u00f3automata<\/li>\n<li>1 db \u00faj PERFECTA BZW-A \u00edvsz\u00e1ml\u00e1l\u00f3 m\u00e9rleg<\/li>\n<\/ul>\n<p>P\u00e1ly\u00e1zat keretein bel\u00fcl r\u00e9gi, kis m\u00e9ret\u0171 v\u00e1g\u00f3g\u00e9p\u00fcnket lecser\u00e9lt\u00fck egy nagyobb, modernebb, Perfecta v\u00e1g\u00f3g\u00e9pre. A nagyobb m\u00e9ret lehet\u0151v\u00e9 teszi, hogy ak\u00e1r B\/1 (70x100cm) m\u00e9ret\u0171 \u00edveket kezelni tudjon. A hozz\u00e1tartoz\u00f3 \u00edvsz\u00e1ml\u00e1l\u00f3 m\u00e9rleg seg\u00edts\u00e9g\u00e9vel mindig azonos mennyis\u00e9g\u0171 \u00edvk\u00f6teg ker\u00fcl megv\u00e1g\u00e1sra, munk\u00e1t prec\u00edzebb\u00e9 teszi. Az \u00edvk\u00f6teglift komfortosabb\u00e1 teszi a munkak\u00f6rnyezetet, kik\u00fcsz\u00f6b\u00f6lve, hogy emberi er\u0151vel kelljen a v\u00e1g\u00f3g\u00e9pbe emelni az \u00edveket.<\/p>\n<p><strong>A Projekt t\u00e9nyleges befejez\u00e9si d\u00e1tuma:<\/strong> 2019.05.02.<\/p>\n<p>A <strong>Projekt azonos\u00edt\u00f3<\/strong> <strong>sz\u00e1ma:<\/strong> GINOP-2.1.8-17-2018-02452<\/p>\n<\/div><\/div><\/div><\/div><\/section><section class=\"vc_row wpb_row vc_row-fluid\"><div class=\"wpb_column vc_column_container vc_col-sm-12  col-xs-mobile-fullwidth\"><div class=\"vc_column-inner \"><div class=\"wpb_wrapper\">[vc_single_image image=&#8221;23181&#8243; img_size=&#8221;full&#8221; alignment=&#8221;center&#8221; style=&#8221;vc_box_border&#8221; border_color=&#8221;blue&#8221; css=&#8221;&#8221;][vc_empty_space height=&#8221;50px&#8221;]<div class=\"last-paragraph-no-margin\"><p><strong>A Kedvezm\u00e9nyezett neve:<\/strong> Prospektus Kiadv\u00e1nyszerkeszt\u0151 \u00e9s Kivitelez\u0151 Korl\u00e1tolt Felel\u0151ss\u00e9g\u0171 T\u00e1rsas\u00e1g<\/p>\n<p><strong>A Projekt c\u00edme:<\/strong> Nyomtat\u00e1stechnol\u00f3giai fejleszt\u00e9s a Prospektus nyomd\u00e1ban<\/p>\n<p><strong>A Szerz\u0151d\u00e9s t\u00e1mogat\u00e1s \u00f6sszege:<\/strong> 222 220 000 Ft<\/p>\n<p><strong>A T\u00e1mogat\u00e1s m\u00e9rt\u00e9ke: <\/strong>45%<\/p>\n<p><strong>A Projekt tartalm\u00e1nak bemutat\u00e1sa: <\/strong><\/p>\n<p>A projekten bel\u00fcl az egyik legink\u00e1bb elavult eszk\u00f6z\u00fcnket cser\u00e9lt\u00fck le egy vadonat\u00faj eszk\u00f6zre.<\/p>\n<p>Az eszk\u00f6z hely\u00e9re egy Heidelberg Speedmaster XL 75-8-P+L t\u00edpus\u00fa nyom\u00f3g\u00e9pet v\u00e1s\u00e1roltunk meg, amelynek nyomtat\u00e1si sebess\u00e9ge 15.000 \u00edv\/\u00f3ra \u00e9s egy munka beigaz\u00edt\u00e1si ideje 20 perc.<\/p>\n<p>Ez azt jelenti, hogy az eszk\u00f6z lecser\u00e9l\u00e9s\u00e9vel kedvez\u0151en alakulnak a nyomdaterm\u00e9kek el\u0151\u00e1ll\u00edt\u00e1s\u00e1nak fajlagos k\u00f6lts\u00e9gei. Tov\u00e1bb\u00e1 a piaci tendenci\u00e1k azt mutatj\u00e1k, hogy a nyomtatott p\u00e9ld\u00e1nysz\u00e1mok cs\u00f6kkennek, viszont ezzel megegyez\u0151 m\u00e9rt\u00e9kben a beigaz\u00edt\u00e1s sz\u00e1m folyamatosan emelkedik.<\/p>\n<p><strong>A Projekt t\u00e9nyleges befejez\u00e9si d\u00e1tuma:<\/strong> 2021.02.09.<\/p>\n<p>A <strong>Projekt azonos\u00edt\u00f3<\/strong> <strong>sz\u00e1ma:<\/strong> GONOP-1.2.1-16-2017-00421<\/p>\n<\/div><\/div><\/div><\/div><\/section>\n<\/div>","protected":false},"excerpt":{"rendered":"[vc_single_image image=\"23355\" img_size=\"full\" alignment=\"center\" style=\"vc_box_border\" border_color=\"blue\"][vc_empty_space height=\"50px\"]A Kedvezm\u00e9nyezett neve: Prospektus Kiadv\u00e1nyszerkeszt\u0151 \u00e9s Kivitelez\u0151 Korl\u00e1tolt Felel\u0151ss\u00e9g\u0171 T\u00e1rsas\u00e1g A Projekt c\u00edme: Csomagol\u00e1stechnikai fejleszt\u00e9s \u00e9s korszer\u0171 dobozhajtogat\u00f3\u00a0 \u00e9s ragaszt\u00f3g\u00e9p beszerz\u00e9se. A Szerz\u0151d\u00e9s t\u00e1mogat\u00e1s \u00f6sszege: 57.003.202,- Ft. A T\u00e1mogat\u00e1s m\u00e9rt\u00e9ke: 67,6% A Projekt tartalm\u00e1nak bemutat\u00e1sa: A p\u00e1ly\u00e1zat keretein bel\u00fcl beszerz\u00e9sre ker\u00fclt 2 db. targonca \u00e9s 1 db. faltkarton doboz hajtogat\u00f3 \u00e9s ragaszt\u00f3g\u00e9p. A rakt\u00e1ri munk\u00e1k elv\u00e9gz\u00e9s\u00e9hez helyezt\u00fcnk \u00fczembe egy nagy tud\u00e1s\u00fa elektromos targonc\u00e1t (Caterpillar NR16N2) 480 cm-es emel\u00e9s magass\u00e1ggal \u00e9s egy kisebb m\u00e9ret\u0171 gyalogos targonc\u00e1t (Capetillar NSP16N2)\u00a0320 cm-es emel\u00e9si magass\u00e1ggal. Az elm\u00falt id\u0151ben a rakt\u00e1r dolgoz\u00f3i megszokt\u00e1k, megtanult\u00e1k az \u00faj berendez\u00e9sek haszn\u00e1lat\u00e1t, ezzel kiv\u00e1lthattuk a nagyon el\u00f6regedett, r\u00e9gi eszk\u00f6z\u00f6ket. Ezzel hossz\u00fa \u00e9vekre megoldottuk a rakt\u00e1ron bel\u00fcli anyagmozgat\u00e1s eszk\u00f6z ig\u00e9ny\u00e9t. A Prospektus Nyomda 7 \u00e9ve kezdett el faltkarton dobozok gy\u00e1rt\u00e1s\u00e1val foglakozni. Az elej\u00e9n egy haszn\u00e1lt, kis teljes\u00edtm\u00e9ny\u0171, korl\u00e1tozott lehet\u0151s\u00e9gekkel b\u00edr\u00f3 hajtogat\u00f3 ragaszt\u00f3g\u00e9pet haszn\u00e1ltunk. Id\u0151k\u00f6zben ez az \u00fczlet\u00e1g forgalma el\u00e9rte azt a nagys\u00e1grendet, amikor ez a berendez\u00e9s bizonyult a legsz\u0171kebb keresztmetszetnek. Ez\u00e9rt v\u00e1lt sz\u00fcks\u00e9gess\u00e9, egy sokkal nagyobb teljes\u00edtm\u00e9ny\u0171, prec\u00edzebb munk\u00e1ra k\u00e9pes \u00faj berendez\u00e9s beszerz\u00e9se. Ehhez a Lengyel Versor gy\u00e1r, Serto 60 K3+ t\u00edpus\u00fa g\u00e9p\u00e9re esett a v\u00e1laszt\u00e1sunk. A g\u00e9p \u00fczembe helyez\u00e9se \u00f3ta az \u00faj hajtogat\u00f3-ragaszt\u00f3g\u00e9p betanul\u00e1sa megt\u00f6rt\u00e9nt a g\u00e9p az elv\u00e1rt eredm\u00e9nyeket hozza. A Projekt t\u00e9nyleges...","protected":false},"author":1,"featured_media":0,"parent":0,"menu_order":0,"comment_status":"closed","ping_status":"closed","template":"","meta":{"om_disable_all_campaigns":false,"rs_blank_template":"","rs_page_bg_color":"","slide_template_v7":"","_monsterinsights_skip_tracking":false,"_monsterinsights_sitenote_active":false,"_monsterinsights_sitenote_note":"","_monsterinsights_sitenote_category":0,"footnotes":""},"class_list":["post-22938","page","type-page","status-publish","hentry"],"translation":{"provider":"WPGlobus","version":"3.0.2","language":"de","enabled_languages":["hu","gb","de"],"languages":{"hu":{"title":true,"content":true,"excerpt":false},"gb":{"title":false,"content":false,"excerpt":false},"de":{"title":false,"content":false,"excerpt":false}}},"aioseo_notices":[],"_links":{"self":[{"href":"https:\/\/prospektusnyomda.hu\/de\/wp-json\/wp\/v2\/pages\/22938","targetHints":{"allow":["GET"]}}],"collection":[{"href":"https:\/\/prospektusnyomda.hu\/de\/wp-json\/wp\/v2\/pages"}],"about":[{"href":"https:\/\/prospektusnyomda.hu\/de\/wp-json\/wp\/v2\/types\/page"}],"author":[{"embeddable":true,"href":"https:\/\/prospektusnyomda.hu\/de\/wp-json\/wp\/v2\/users\/1"}],"replies":[{"embeddable":true,"href":"https:\/\/prospektusnyomda.hu\/de\/wp-json\/wp\/v2\/comments?post=22938"}],"version-history":[{"count":13,"href":"https:\/\/prospektusnyomda.hu\/de\/wp-json\/wp\/v2\/pages\/22938\/revisions"}],"predecessor-version":[{"id":23412,"href":"https:\/\/prospektusnyomda.hu\/de\/wp-json\/wp\/v2\/pages\/22938\/revisions\/23412"}],"wp:attachment":[{"href":"https:\/\/prospektusnyomda.hu\/de\/wp-json\/wp\/v2\/media?parent=22938"}],"curies":[{"name":"wp","href":"https:\/\/api.w.org\/{rel}","templated":true}]}}