{"id":22357,"date":"2020-04-23T08:22:54","date_gmt":"2020-04-23T08:22:54","guid":{"rendered":"http:\/\/prospektusnyomda.hu\/?page_id=22357"},"modified":"2025-11-17T14:08:44","modified_gmt":"2025-11-17T14:08:44","slug":"minosegbiztositas","status":"publish","type":"page","link":"https:\/\/prospektusnyomda.hu\/gb\/minosegbiztositas\/","title":{"rendered":"Quality Policy"},"content":{"rendered":"<div class=\"wpb-content-wrapper\"><section class=\"vc_row wpb_row vc_row-fluid\"><div class=\"wpb_column vc_column_container vc_col-sm-12  col-xs-mobile-fullwidth\"><div class=\"vc_column-inner \"><div class=\"wpb_wrapper\">[vc_empty_space height=&#8221;60px&#8221;]<div class=\"last-paragraph-no-margin\"><p style=\"text-align: center;\">The business objective of Prospektus Press is to take a leading role on the domestic market by its effective operation. To supply every customer with flawless products by the available world-class machines and technologies, by the co-operation of the well-trained, committed staff and by continuous improvement of the quality.<\/p>\n<p style=\"text-align: center;\">To maintain the organization providing the highest quality products and services, we committed ourselves to the following:<\/p>\n<p style=\"text-align: center;\">By continuing education and motivation of our employees we ensure their commitment to quality.<\/p>\n<p style=\"text-align: center;\">Continuously adopting the best available, highest quality producing technologies, and obtaining the machinery necessary for that.<\/p>\n<p style=\"text-align: center;\">Flexibility and customer focus to ensure the highest possible customer experience.<\/p>\n<p style=\"text-align: center;\">To ensure the continuous fulfillment of these goals Prospektus Press has introduced an integrated quality management system and operates it according to the standards related to MSZ EN ISO 9001:2009 quality management system, and also utilizes the tools of continuous improvement towards the effectiveness of its system and the quality of its services.<\/p>\n<\/div><\/div><\/div><\/div><\/section>\n<\/div>","protected":false},"excerpt":{"rendered":"{:hu}A Prospektus Nyomda Kft. \u00fczleti c\u00e9lja, hogy eredm\u00e9nyes m\u0171k\u00f6d\u00e9ssel a hazai piacon vezet\u0151 szerepet t\u00f6lts\u00f6n be. A rendelkez\u00e9sre \u00e1ll\u00f3 vil\u00e1gsz\u00ednvonal\u00fa g\u00e9pekkel \u00e9s technol\u00f3gi\u00e1kkal, az ezeket m\u0171k\u00f6dtet\u0151 k\u00e9pzett alkalmazottak elk\u00f6telezett egy\u00fcttm\u0171k\u00f6d\u00e9s\u00e9vel, valamint a min\u0151s\u00e9g folyamatos fejleszt\u00e9s\u00e9vel hib\u00e1tlan term\u00e9ket sz\u00e1ll\u00edtson minden megrendel\u0151j\u00e9nek. A legmagasabb sz\u00ednvonal\u00fa term\u00e9keket \u00e9s kiszolg\u00e1l\u00e1st ny\u00fajt\u00f3 szervezet fenntart\u00e1s\u00e1\u00e9rt, az al\u00e1bbiakra k\u00f6telezt\u00fck el magunkat: Munkat\u00e1rsaink folyamatos k\u00e9pz\u00e9s\u00e9vel, \u00f6szt\u00f6nz\u00e9s\u00e9vel biztos\u00edtjuk a min\u0151s\u00e9g ir\u00e1nti elk\u00f6telezetts\u00e9get. Mindig az el\u00e9rhet\u0151 legjobb, legmagasabb min\u0151s\u00e9get produk\u00e1l\u00f3 m\u0171szaki technol\u00f3gi\u00e1k bevezet\u00e9se \u00e9s berendez\u00e9sek beszerz\u00e9se. Rugalmass\u00e1g \u00e9s vev\u0151k\u00f6zpont\u00fas\u00e1g a lehet\u0151 legmagasabb \u201e\u00fcgyf\u00e9l\u00e9lm\u00e9ny\u201d el\u00e9r\u00e9s\u00e9nek \u00e9rdek\u00e9ben. A fenti c\u00e9lok folyamatos teljes\u00edt\u00e9s\u00e9re a Prospektus Nyomda Kft. integr\u00e1lt ir\u00e1ny\u00edt\u00e1si rendszert vezetett be \u00e9s m\u0171k\u00f6dtet az MSZ EN ISO 9001:2015 min\u0151s\u00e9gir\u00e1ny\u00edt\u00e1si rendszerre vonatkoz\u00f3 szabv\u00e1nyok alapj\u00e1n, illetve alkalmazza a folyamatos jav\u00edt\u00e1s eszk\u00f6zeit rendszere hat\u00e9konys\u00e1g\u00e1ban \u00e9s szolg\u00e1ltat\u00e1sa min\u0151s\u00e9g\u00e9ben. {:}{:gb}[vc_empty_space height=\"60px\"]The business objective of Prospektus Press is to take a leading role on the domestic market by its effective operation. To supply every customer with flawless products by the available world-class machines and technologies, by the co-operation of the well-trained, committed staff and by continuous improvement of the quality. To maintain the organization providing the highest quality products and services, we committed ourselves to the following: By continuing education and motivation of our employees we ensure their...","protected":false},"author":1,"featured_media":0,"parent":0,"menu_order":0,"comment_status":"closed","ping_status":"closed","template":"","meta":{"om_disable_all_campaigns":false,"rs_blank_template":"","rs_page_bg_color":"","slide_template_v7":"","_monsterinsights_skip_tracking":false,"_monsterinsights_sitenote_active":false,"_monsterinsights_sitenote_note":"","_monsterinsights_sitenote_category":0,"footnotes":""},"class_list":["post-22357","page","type-page","status-publish","hentry"],"translation":{"provider":"WPGlobus","version":"3.0.2","language":"gb","enabled_languages":["hu","gb","de"],"languages":{"hu":{"title":true,"content":true,"excerpt":false},"gb":{"title":true,"content":true,"excerpt":false},"de":{"title":true,"content":true,"excerpt":false}}},"aioseo_notices":[],"_links":{"self":[{"href":"https:\/\/prospektusnyomda.hu\/gb\/wp-json\/wp\/v2\/pages\/22357","targetHints":{"allow":["GET"]}}],"collection":[{"href":"https:\/\/prospektusnyomda.hu\/gb\/wp-json\/wp\/v2\/pages"}],"about":[{"href":"https:\/\/prospektusnyomda.hu\/gb\/wp-json\/wp\/v2\/types\/page"}],"author":[{"embeddable":true,"href":"https:\/\/prospektusnyomda.hu\/gb\/wp-json\/wp\/v2\/users\/1"}],"replies":[{"embeddable":true,"href":"https:\/\/prospektusnyomda.hu\/gb\/wp-json\/wp\/v2\/comments?post=22357"}],"version-history":[{"count":11,"href":"https:\/\/prospektusnyomda.hu\/gb\/wp-json\/wp\/v2\/pages\/22357\/revisions"}],"predecessor-version":[{"id":23460,"href":"https:\/\/prospektusnyomda.hu\/gb\/wp-json\/wp\/v2\/pages\/22357\/revisions\/23460"}],"wp:attachment":[{"href":"https:\/\/prospektusnyomda.hu\/gb\/wp-json\/wp\/v2\/media?parent=22357"}],"curies":[{"name":"wp","href":"https:\/\/api.w.org\/{rel}","templated":true}]}}