{"id":22515,"date":"2020-05-06T06:25:14","date_gmt":"2020-05-06T06:25:14","guid":{"rendered":"http:\/\/prospektusnyomda.hu\/?page_id=22515"},"modified":"2022-02-02T08:18:54","modified_gmt":"2022-02-02T08:18:54","slug":"grafikai-elokeszites-cad","status":"publish","type":"page","link":"https:\/\/prospektusnyomda.hu\/gb\/grafikai-elokeszites-cad\/","title":{"rendered":"Prepress,CAD"},"content":{"rendered":"<div class=\"wpb-content-wrapper\"><section class=\"vc_row wpb_row vc_row-fluid\"><div class=\"wpb_column vc_column_container vc_col-sm-12  col-xs-mobile-fullwidth\"><div class=\"vc_column-inner \"><div class=\"wpb_wrapper\"><div class=\"last-paragraph-no-margin\"><h6 style=\"text-align: center;\"><span style=\"color: #ffffff;\">We believe that only the state-of-the-art technology and a highly trained professional team can provide the flexibility and security you need to prepare your product for printing. We have designed our digital artwork preparation procedures and processes to meet the highest professional standards. As a result of our decades of experience, your printed product will always truly be at the end of the production process, what you dreamed.<\/span><\/h6>\n<\/div>[vc_empty_space height=&#8221;100px&#8221;][vc_custom_heading text=&#8221;We offer you this:&#8221; font_container=&#8221;tag:h4|text_align:center|color:%23dd3333&#8243; use_theme_fonts=&#8221;yes&#8221;]<div class=\"last-paragraph-no-margin\"><p style=\"text-align: center;\"><span style=\"color: #ffffff;\"><strong>Preparation of a colour matching proof<\/strong><\/span><\/p>\n<p style=\"text-align: center;\"><span style=\"color: #ffffff;\">This is a print produced by a regularly calibrated digital printer, which is handled as a colour standard during the offset printing process, and we can match the colour of this digital print during the offset printing process within the tolerance of printing standard.<\/span><\/p>\n<p style=\"text-align: center;\"><span style=\"color: #ffffff;\"><strong>\u00a0<\/strong><\/span><\/p>\n<p style=\"text-align: center;\"><span style=\"color: #ffffff;\"><strong>Photo quality resolution, 250 lpi (100 l\/cm)\u00a0<\/strong><\/span><\/p>\n<p style=\"text-align: center;\"><span style=\"color: #ffffff;\">In line with the resolution of digital displays, the higher resolution provides us the best appearance in the printing, as well. The average printing screen is 70 lines \/ cm, which means 70 x 70 = 4.900 dots per square cm. Our printing house works with a unique resolution of 100 lines \/ cm, which means, we normally use 100 x 100 = 10.000 dots per square cm. This results more than double comprehensive printing and better print quality.<\/span><\/p>\n<p style=\"text-align: center;\"><span style=\"color: #ffffff;\"><strong>\u00a0<\/strong><\/span><\/p>\n<p style=\"text-align: center;\"><span style=\"color: #ffffff;\"><strong>Pdf files online receiving and checking <\/strong><\/span><\/p>\n<p style=\"text-align: center;\"><span style=\"color: #ffffff;\">We can receive the print-ready files in all available ways, which are then subjected of a detailed Pdf inspection for the best results. During the inspection, we examine the resolution, the fonts, and colours of the content. If we experience non-compliance, we notify our customer.<\/span><\/p>\n<p style=\"text-align: center;\"><span style=\"color: #ffffff;\"><strong>\u00a0<\/strong><\/span><\/p>\n<p style=\"text-align: center;\"><span style=\"color: #ffffff;\"><strong>Possibility of remote approval via the web<\/strong><\/span><\/p>\n<p style=\"text-align: center;\"><span style=\"color: #ffffff;\">For the convenience of our customers, we provide the possibility to fully manage the graphical files through an interactive user-friendly interface. The use of the interface is absolutely secure, which can be accessible with personal password.<\/span><\/p>\n<p style=\"text-align: center;\"><span style=\"color: #ffffff;\"><strong>\u00a0<\/strong><\/span><\/p>\n<p style=\"text-align: center;\"><span style=\"color: #ffffff;\"><strong>Colour management, ink optimization<\/strong><\/span><\/p>\n<p style=\"text-align: center;\"><span style=\"color: #ffffff;\">All devices used in our production are regularly calibrated, which is the key to the consistent high quality. Therefore, you can be sure that you will always receive the highest quality as a result of your order.<\/span><\/p>\n<p style=\"text-align: center;\"><span style=\"color: #ffffff;\"><strong>\u00a0<\/strong><\/span><\/p>\n<p style=\"text-align: center;\"><span style=\"color: #ffffff;\"><strong>Paper-based proof for approval<\/strong><\/span><\/p>\n<p style=\"text-align: center;\"><span style=\"color: #ffffff;\">It is a part of our production technology, that the complete approved graphic data is digitally printed and inspected prior to offset printing. At this stage of production, it is still possible to correct mistakes free of charge. If it is requested by our customers, the digitally printed version will also be handed over to them.<\/span><\/p>\n<p style=\"text-align: center;\"><span style=\"color: #ffffff;\"><strong>\u00a0<\/strong><\/span><\/p>\n<p style=\"text-align: center;\"><span style=\"color: #ffffff;\"><strong>Box construction planning<\/strong><\/span><\/p>\n<p style=\"text-align: center;\"><span style=\"color: #ffffff;\">In case of individual demands of our customers, we cooperate in the design, dimensioning and modelling of cardboard boxes.<\/span><\/p>\n<p style=\"text-align: center;\"><span style=\"color: #ffffff;\"><strong>\u00a0<\/strong><\/span><\/p>\n<p style=\"text-align: center;\"><span style=\"color: #ffffff;\"><strong>Customer-friendly support in professional topics, consulting<\/strong><\/span><\/p>\n<p style=\"text-align: center;\"><span style=\"color: #ffffff;\">Our highly qualified colleagues are at your disposal in all professional matters.<\/span><\/p>\n<\/div><\/div><\/div><\/div><\/section>\n<\/div>","protected":false},"excerpt":{"rendered":"{:hu}\u00dagy gondoljuk, hogy kiz\u00e1r\u00f3lag a cs\u00facstechnol\u00f3gia \u00e9s a magasan k\u00e9pzett szakember biztos\u00edthatja az \u00d6n term\u00e9k\u00e9nek nyomdai el\u0151k\u00e9sz\u00edt\u00e9s\u00e9hez sz\u00fcks\u00e9ges rugalmass\u00e1got \u00e9s biztons\u00e1got. Digit\u00e1lis el\u0151k\u00e9sz\u00edt\u0151i elj\u00e1r\u00e1sainkat \u00e9s folyamatainkat \u00fagy alak\u00edtottuk ki, hogy eleget tegyenek a legmagasabb szakmai elv\u00e1r\u00e1soknak. A t\u00f6bb \u00e9vtizedes tapasztalatunk eredm\u00e9nyek\u00e9ppen az \u00d6n nyomdaterm\u00e9ke a gy\u00e1rt\u00e1si folyamat legv\u00e9g\u00e9n mindig val\u00f3ban olyan lesz, amilyennek \u00d6n meg\u00e1lmodta. [vc_empty_space height=\"100px\"][vc_custom_heading text=\"Ezt k\u00edn\u00e1ljuk \u00d6n\u00f6knek:\" font_container=\"tag:h4|text_align:center|color:%23dd3333\" use_theme_fonts=\"yes\"]Sz\u00ednhelyes proof k\u00e9sz\u00edt\u00e9se Ez egy rendszeresen kalibr\u00e1lt digit\u00e1lis nyomtat\u00f3n el\u0151\u00e1ll\u00edtott nyomat, amelyet a nyomtat\u00e1s f\u00e1zis\u00e1ban etalonk\u00e9nt kezel\u00fcnk \u00e9s a nyomdai szabv\u00e1ny toleranciatartom\u00e1ny\u00e1n bel\u00fcl reproduk\u00e1lni is tudunk. F\u00e9nyk\u00e9p min\u0151s\u00e9g\u0171 felbont\u00e1s, 250 lpi (100 v\/cm) Ahogyan a digit\u00e1lis kijelz\u0151k felbont\u00e1s\u00e1n\u00e1l is a magasabb \u00e9rt\u00e9k adja a legjobb megjelen\u00e9st, \u00edgy van ez a nyomtat\u00e1sban is. Az \u00e1tlagosan alkalmazott nyomdai r\u00e1cs 70 vonal \/ cm, azaz 70 x 70 = 4.900 pont esik egy n\u00e9gyzetcentim\u00e9terre. Nyomd\u00e1nk egyed\u00fcl\u00e1ll\u00f3 m\u00f3don 100 vonal \/ cm-es felbont\u00e1ssal dolgozik, azaz 100 x 100 = 10.000 pontot k\u00e9pez\u00fcnk le egyetlen n\u00e9gyzetcentim\u00e9terre. Ez t\u00f6bb mint k\u00e9tszer r\u00e9szletgazdagabb nyomtat\u00e1st \u00e9s jobb nyomatmin\u0151s\u00e9get eredm\u00e9nyez. Pdf \u00e1llom\u00e1nyok online fogad\u00e1sa \u00e9s ellen\u0151rz\u00e9se A nyomdak\u00e9sz \u00e1llom\u00e1nyokat minden el\u00e9rhet\u0151 m\u00f3don tudjuk fogadni, amelyeket ezt k\u00f6vet\u0151en r\u00e9szletes vizsg\u00e1lat al\u00e1 vesz\u00fcnk a legjobb eredm\u00e9ny el\u00e9r\u00e9se \u00e9rdek\u00e9ben. Az ellen\u0151rz\u00e9s alkalm\u00e1val vizsg\u00e1ljuk az \u00e1llom\u00e1ny tartalm\u00e1nak felbont\u00e1s\u00e1t, bet\u0171k\u00e9szlet\u00e9t \u00e9s sz\u00edneit. Amennyiben...","protected":false},"author":1,"featured_media":0,"parent":0,"menu_order":0,"comment_status":"closed","ping_status":"closed","template":"","meta":{"om_disable_all_campaigns":false,"rs_blank_template":"","rs_page_bg_color":"","slide_template_v7":"","_monsterinsights_skip_tracking":false,"_monsterinsights_sitenote_active":false,"_monsterinsights_sitenote_note":"","_monsterinsights_sitenote_category":0,"footnotes":""},"class_list":["post-22515","page","type-page","status-publish","hentry"],"translation":{"provider":"WPGlobus","version":"3.0.2","language":"gb","enabled_languages":["hu","gb","de"],"languages":{"hu":{"title":true,"content":true,"excerpt":false},"gb":{"title":true,"content":true,"excerpt":false},"de":{"title":true,"content":true,"excerpt":false}}},"aioseo_notices":[],"_links":{"self":[{"href":"https:\/\/prospektusnyomda.hu\/gb\/wp-json\/wp\/v2\/pages\/22515","targetHints":{"allow":["GET"]}}],"collection":[{"href":"https:\/\/prospektusnyomda.hu\/gb\/wp-json\/wp\/v2\/pages"}],"about":[{"href":"https:\/\/prospektusnyomda.hu\/gb\/wp-json\/wp\/v2\/types\/page"}],"author":[{"embeddable":true,"href":"https:\/\/prospektusnyomda.hu\/gb\/wp-json\/wp\/v2\/users\/1"}],"replies":[{"embeddable":true,"href":"https:\/\/prospektusnyomda.hu\/gb\/wp-json\/wp\/v2\/comments?post=22515"}],"version-history":[{"count":13,"href":"https:\/\/prospektusnyomda.hu\/gb\/wp-json\/wp\/v2\/pages\/22515\/revisions"}],"predecessor-version":[{"id":23244,"href":"https:\/\/prospektusnyomda.hu\/gb\/wp-json\/wp\/v2\/pages\/22515\/revisions\/23244"}],"wp:attachment":[{"href":"https:\/\/prospektusnyomda.hu\/gb\/wp-json\/wp\/v2\/media?parent=22515"}],"curies":[{"name":"wp","href":"https:\/\/api.w.org\/{rel}","templated":true}]}}