{"id":22517,"date":"2020-05-06T06:25:28","date_gmt":"2020-05-06T06:25:28","guid":{"rendered":"http:\/\/prospektusnyomda.hu\/?page_id=22517"},"modified":"2025-11-17T14:15:28","modified_gmt":"2025-11-17T14:15:28","slug":"nyomtatas","status":"publish","type":"page","link":"https:\/\/prospektusnyomda.hu\/gb\/nyomtatas\/","title":{"rendered":"Printing"},"content":{"rendered":"<div class=\"wpb-content-wrapper\"><section class=\"vc_row wpb_row vc_row-fluid\"><div class=\"wpb_column vc_column_container vc_col-sm-12  col-xs-mobile-fullwidth\"><div class=\"vc_column-inner \"><div class=\"wpb_wrapper\">[vc_empty_space]<div class=\"last-paragraph-no-margin\"><h6 style=\"text-align: center;\">Anyone can buy printing machines but much fewer people can print effectively and in high quality with them. We are proud, that our production technology is based on more than three decades of know-how, so you can always be sure to receive the best available quality from us.<\/h6>\n<h6 style=\"text-align: center;\">Our sheet-fed machines have all been selected to contribute to our core values, which are QUALITY, FLEXIBILITY, EFFICIENCY and CUSTOMER FOCUS.<\/h6>\n<\/div>[vc_empty_space height=&#8221;100px&#8221;][vc_custom_heading text=&#8221;What we offer you:&#8221; font_container=&#8221;tag:h4|text_align:center|color:%23dd3333&#8243; use_theme_fonts=&#8221;yes&#8221;]<div class=\"last-paragraph-no-margin\"><p style=\"text-align: center;\"><strong>Application of spot colours<\/strong><\/p>\n<p style=\"text-align: center;\"><strong>The colours, which cannot be printed with the traditional basic printing colours (Black, Cyan, Magenta, Yellow) are printed with a so-called spot colour.<\/strong><\/p>\n<p style=\"text-align: center;\"><strong>\u00a0<\/strong><\/p>\n<p style=\"text-align: center;\"><strong>Up to eight-colour printing<\/strong><\/p>\n<p style=\"text-align: center;\"><strong>In addition to the four basic printing colours (Black, Cyan, Magenta, Yellow), we offer the option to print four more colours in one run (4+4 colours in B\/1 format, 4+4 colours + 1 lacquer in B\/2 format).<\/strong><\/p>\n<p style=\"text-align: center;\"><strong>\u00a0<\/strong><\/p>\n<p style=\"text-align: center;\"><strong>Print inspection<\/strong><\/p>\n<p style=\"text-align: center;\"><strong>We make 100 percent colour and print quality control regularly, during the printing process with our Heidelberg Image Control device, which is currently the most advanced sheet-fed offset print inspection system in the world.<\/strong><\/p>\n<p style=\"text-align: center;\"><strong>\u00a0<\/strong><\/p>\n<p style=\"text-align: center;\"><strong>UV and effect varnishing<\/strong><\/p>\n<p style=\"text-align: center;\"><strong>With our special printing machines, we are able to apply glossy and matt varnishes at the same time, which create a unique effect. In order to learn about the potential of this technology, ask our colleagues who are ready to provide more information.<\/strong><\/p>\n<p style=\"text-align: center;\"><strong>\u00a0<\/strong><\/p>\n<p style=\"text-align: center;\"><strong>Application of orange peel effect<\/strong><\/p>\n<p style=\"text-align: center;\"><strong>A special effect, similar to the surface of an orange, caused by the interaction of varnishes with different chemical properties.<\/strong><\/p>\n<p style=\"text-align: center;\"><strong>\u00a0<\/strong><\/p>\n<p style=\"text-align: center;\"><strong>Application of plastic-based media<\/strong><\/p>\n<p style=\"text-align: center;\"><strong>If required, we are able to print plastic substrates, e.g. PVC, PE, PP.<\/strong><\/p>\n<p style=\"text-align: center;\"><strong>\u00a0<\/strong><\/p>\n<p style=\"text-align: center;\"><strong>Printing of metallized surfaces<\/strong><\/p>\n<p style=\"text-align: center;\"><strong>In this case, the printing is done on a metallized, metallic-looking surface, which results a completely unique and special-looking, metallically shiny product.<\/strong><\/p>\n<p style=\"text-align: center;\"><strong>\u00a0<\/strong><\/p>\n<p style=\"text-align: center;\"><strong>Hot foil stamping<\/strong><\/p>\n<p style=\"text-align: center;\"><strong>Shiny, metallic surface can be achieved with this method. During hot foil stamping, we press the substrate on the desired surface with a metal clich\u00e9 using heat and pressure release coloured foil.<\/strong><\/p>\n<p style=\"text-align: center;\"><strong>\u00a0<\/strong><\/p>\n<p style=\"text-align: center;\"><strong>Embossing<\/strong><\/p>\n<p style=\"text-align: center;\"><strong>It is technically the same as foil stamping, but we do not use foil here.<\/strong><\/p>\n<\/div><\/div><\/div><\/div><\/section>\n<\/div>","protected":false},"excerpt":{"rendered":"{:hu}[vc_empty_space]Nyom\u00f3g\u00e9pet v\u00e1s\u00e1rolni b\u00e1rki k\u00e9pes, azonban azon hat\u00e9konyan \u00e9s j\u00f3 min\u0151s\u00e9gben nyomtatni m\u00e1r j\u00f3val kevesebben. B\u00fcszk\u00e9k vagyunk r\u00e1, hogy gy\u00e1rt\u00e1stechnol\u00f3gi\u00e1nk t\u00f6bb mint h\u00e1rom \u00e9vtizedes know-how-n alapszik, \u00edgy \u00d6n mindig biztos lehet abban, hogy T\u0151l\u00fcnk az el\u00e9rhet\u0151 legjobbat kapja! \u00cdves g\u00e9peink \u00fagy ker\u00fcltek kiv\u00e1laszt\u00e1sra, hogy hozz\u00e1j\u00e1ruljanak alapvet\u0151 \u00e9rt\u00e9keinkhez, melyek a MIN\u0150S\u00c9G, RUGALMASS\u00c1G, HAT\u00c9KONYS\u00c1G \u00e9s \u00dcGYF\u00c9LK\u00d6ZPONT\u00daS\u00c1G. [vc_empty_space height=\"100px\"][vc_custom_heading text=\"Ezt k\u00edn\u00e1ljuk \u00d6n\u00f6knek:\" font_container=\"tag:h4|text_align:center\" use_theme_fonts=\"yes\"]Direktsz\u00ednek alkalmaz\u00e1sa A hagyom\u00e1nyos nyomdai alapsz\u00ednekkel (Fekete, Ci\u00e1n, B\u00edbor, S\u00e1rga) nem produk\u00e1lhat\u00f3 sz\u00edneket \u00fagynevezett direktsz\u00ednnel nyomtatjuk. Ak\u00e1r nyolcsz\u00ednes nyomtat\u00e1s A n\u00e9gy nyomdai alapsz\u00ednen (Fekete, Ci\u00e1n, B\u00edbor, S\u00e1rga) t\u00fal, tov\u00e1bbi n\u00e9gy sz\u00edn nyomtat\u00e1s\u00e1ra k\u00edn\u00e1lunk lehet\u0151s\u00e9get egy menetben (4+4 sz\u00edn B\/1 form\u00e1tumban, 4+4 sz\u00edn + 1 lakk B\/2 form\u00e1tumban). \u00a0 Nyomatellen\u0151rz\u00e9s A Heidelberg Image Control berendez\u00e9s\u00fcnkkel \u2013 amely jelenleg a vil\u00e1g legfejlettebb \u00edves ofszet nyomatellen\u0151rz\u0151 rendszere \u2013 100%-os sz\u00edn- \u00e9s nyomatellen\u0151rz\u00e9st v\u00e9gz\u00fcnk rendszeresen, a nyomtat\u00e1s sor\u00e1n. UV \u00e9s effekt-lakkoz\u00e1s Speci\u00e1lis nyom\u00f3g\u00e9peink seg\u00edts\u00e9g\u00e9vel k\u00e9pesek vagyunk f\u00e9nyes \u00e9s matt lakkok egyidej\u0171 felhord\u00e1s\u00e1ra, amelyek egyed\u00fcl\u00e1ll\u00f3 hat\u00e1st keltenek. A technol\u00f3gi\u00e1ban rejl\u0151 lehet\u0151s\u00e9gek megismer\u00e9s\u00e9hez k\u00e9rje koll\u00e9g\u00e1ink seg\u00edts\u00e9g\u00e9t, akik k\u00e9szs\u00e9ggel \u00e1llnak rendelkez\u00e9s\u00e9re. Narancsh\u00e9j effektlakk alkalmaz\u00e1sa Speci\u00e1lis, a narancs fel\u00fclet\u00e9hez hasonl\u00f3 hat\u00e1s, amelyet a k\u00fcl\u00f6nb\u00f6z\u0151 k\u00e9miai tulajdons\u00e1g\u00fa lakkok egym\u00e1ssal val\u00f3 k\u00f6lcs\u00f6nhat\u00e1sa eredm\u00e9nyez. M\u0171anyag alap\u00fa nyomathordoz\u00f3k alkalmaz\u00e1sa Ig\u00e9ny eset\u00e9n k\u00e9pesek vagyunk m\u0171anyag alapanyagokra, pl. PVC, PE, PP nyomtatni. F\u00e9mg\u0151z\u00f6lt fel\u00fcletek nyomtat\u00e1sa...","protected":false},"author":1,"featured_media":0,"parent":0,"menu_order":0,"comment_status":"closed","ping_status":"closed","template":"","meta":{"om_disable_all_campaigns":false,"rs_blank_template":"","rs_page_bg_color":"","slide_template_v7":"","_monsterinsights_skip_tracking":false,"_monsterinsights_sitenote_active":false,"_monsterinsights_sitenote_note":"","_monsterinsights_sitenote_category":0,"footnotes":""},"class_list":["post-22517","page","type-page","status-publish","hentry"],"translation":{"provider":"WPGlobus","version":"3.0.2","language":"gb","enabled_languages":["hu","gb","de"],"languages":{"hu":{"title":true,"content":true,"excerpt":false},"gb":{"title":true,"content":true,"excerpt":false},"de":{"title":true,"content":true,"excerpt":false}}},"aioseo_notices":[],"_links":{"self":[{"href":"https:\/\/prospektusnyomda.hu\/gb\/wp-json\/wp\/v2\/pages\/22517","targetHints":{"allow":["GET"]}}],"collection":[{"href":"https:\/\/prospektusnyomda.hu\/gb\/wp-json\/wp\/v2\/pages"}],"about":[{"href":"https:\/\/prospektusnyomda.hu\/gb\/wp-json\/wp\/v2\/types\/page"}],"author":[{"embeddable":true,"href":"https:\/\/prospektusnyomda.hu\/gb\/wp-json\/wp\/v2\/users\/1"}],"replies":[{"embeddable":true,"href":"https:\/\/prospektusnyomda.hu\/gb\/wp-json\/wp\/v2\/comments?post=22517"}],"version-history":[{"count":10,"href":"https:\/\/prospektusnyomda.hu\/gb\/wp-json\/wp\/v2\/pages\/22517\/revisions"}],"predecessor-version":[{"id":23064,"href":"https:\/\/prospektusnyomda.hu\/gb\/wp-json\/wp\/v2\/pages\/22517\/revisions\/23064"}],"wp:attachment":[{"href":"https:\/\/prospektusnyomda.hu\/gb\/wp-json\/wp\/v2\/media?parent=22517"}],"curies":[{"name":"wp","href":"https:\/\/api.w.org\/{rel}","templated":true}]}}