{"id":22525,"date":"2020-05-06T06:26:18","date_gmt":"2020-05-06T06:26:18","guid":{"rendered":"http:\/\/prospektusnyomda.hu\/?page_id=22525"},"modified":"2020-08-31T08:08:32","modified_gmt":"2020-08-31T08:08:32","slug":"dobozkikeszites","status":"publish","type":"page","link":"https:\/\/prospektusnyomda.hu\/gb\/dobozkikeszites\/","title":{"rendered":"Folding box finishing"},"content":{"rendered":"<div class=\"wpb-content-wrapper\"><section class=\"vc_row wpb_row vc_row-fluid\"><div class=\"wpb_column vc_column_container vc_col-sm-12  col-xs-mobile-fullwidth\"><div class=\"vc_column-inner \"><div class=\"wpb_wrapper\"><div class=\"last-paragraph-no-margin\"><h2 style=\"text-align: center;\">Glossy and matt film laminating<\/h2>\n<p style=\"text-align: center;\">Prospektus Press has been using a variety of surface finishing processes for over 15 years. The company has the most experience in <strong>glossy, matt, scratch-resistant matt and Soft Touch film laminating<\/strong>. The applied film has normally 20\u201325 micron thickness. The film is pressed into the surface of the medium (typically paper) at high pressure. The end result is a\u00a0<strong>nice touch, high-gloss surface <\/strong>(using glossy foil) which is\u00a0<strong>resistant to mechanical damage<\/strong>.<\/p>\n<p style=\"text-align: center;\"><strong>By using matt films, a velvety finish can be obtained <\/strong>that is\u00a0<strong>resistant to finger prints<\/strong>, so it is recommended for higher standard publications.<\/p>\n<h2 style=\"text-align: center;\">Metallized film laminating<\/h2>\n<p style=\"text-align: center;\">The\u00a0<strong>high level of innovation<\/strong>\u00a0enables Prospektus Press to serve its customers based on technologies, that can\u00a0<strong>fulfil even the most unique requirements<\/strong>. This kind of technology is UV printing, that was first time introduced in Hungary by Prospektus Press. This technology is represented by our Heidelberg CD-74 printing machine, where UV light illuminates the printed substrate, causing a chain reaction in the ink by which the ink gets instantaneously polymerised. As a result, this machine is suitable for printing on any plastic based and metallized substrate.<\/p>\n<p style=\"text-align: center;\"><strong>The metallized substrate<\/strong> is a\u00a0<strong>metallized film laminated <\/strong>to a paper-based medium. By printing on this, a really unique,\u00a0<strong>metallic effect<\/strong>\u00a0of the graphics can be achieved. The final surface is\u00a0<strong>waterproof<\/strong>.<\/p>\n<p style=\"text-align: center;\">Combining opaque white and colour printing of metallized surfaces with effect varnishing provides an endless variation of the surfaces\u2019 appearance. This can be further enhanced by hot foil stamping and embossing options.<\/p>\n<h2 style=\"text-align: center;\">Pre and post foil stamping<\/h2>\n<p style=\"text-align: center;\">Prospektus Press uses the latest technology also in the\u00a0<strong>foil stamping and lamination<\/strong>\u00a0technology, which is represented by a KAMA ProCut 76 machine. This equipment\u00a0<strong>enables high-quality foil stamping of the surfaces<\/strong>, thanks to its hotfoil technology. Surface finishing can be applied as a final surface finishing process, but it is also possible to\u00a0<strong>pre-stamp <\/strong>certain areas of the substrate before printing, attaining really unique effects by this. At pre-stamping a silver foil is depressed into the blank sheet of paper, cardboard or plastic, and then UV offset ink is printed over it. This results in a unique, special surface. The effect can be enhanced by\u00a0<strong>effect varnishing\u00a0and\u00a0embossing<\/strong>. Consult with our colleagues in order to exploit the potential of the technology.<\/p>\n<h2 style=\"text-align: center;\">Embossing<\/h2>\n<p style=\"text-align: center;\">Prospektus Press is committed to satisfy the needs of its partners without subcontracting. Along this commitment, it procured a KAMA ProCut 76 type equipment in 2011 that meets all the challenges of today.<\/p>\n<p style=\"text-align: center;\">This equipment, using a specialized tool, is capable of\u00a0<strong>embossing paper and paperboard substrate<\/strong>. The embossing height is approx. 1-2 mm. As an additional method, embossing can be applied to an already foiled or hot foil stamped surface, enhancing its uniqueness even further.<\/p>\n<h2 style=\"text-align: center;\">Die-cutting<\/h2>\n<p style=\"text-align: center;\">Prospektus Press is committed to satisfy the needs of its partners without subcontracting. Along this commitment, it procured a KAMA ProCut 76 type equipment in 2011 that meets all the challenges of today.<\/p>\n<p style=\"text-align: center;\">This equipment, using a specialized tool, is capable of\u00a0<strong>die-cutting paper, paperboard or even plastic based substrate<\/strong>. This process allows us to cut special forms and shapes, as well. Requiring a dossier or carton box, you can choose among a number of our solutions to find the most appropriate one for your needs.<\/p>\n<h2 style=\"text-align: center;\">Folding box gluing<\/h2>\n<p style=\"text-align: center;\">With our box gluing equipment, purchased in 2012, we are able to glue <strong>1-2-3 point boxes<\/strong> with high efficiency. We apply <strong>strict quality control procedures<\/strong> during the folding and gluing the boxes. We also have <strong>automatic quality inspection systems<\/strong>.<\/p>\n<\/div><\/div><\/div><\/div><\/section>\n<\/div>","protected":false},"excerpt":{"rendered":"{:hu}F\u00e9nyes \u00e9s matt f\u00f3lia A Prospektus nyomda m\u00e1r t\u00f6bb mint 15 \u00e9ve foglalkozik k\u00fcl\u00f6nf\u00e9le fel\u00fcletnemes\u00edt\u00e9si elj\u00e1r\u00e1sok alkalmaz\u00e1s\u00e1val, ezek k\u00f6z\u00fcl is a legr\u00e9gebben a\u00a0f\u00e9nyes, matt, karc\u00e1ll\u00f3 matt \u00e9s Soft Touch f\u00f3li\u00e1k\u00a0lamin\u00e1l\u00e1s\u00e1val. A felhordott f\u00f3lia 20\u201325 mikron vastags\u00e1g\u00fa, amelyet nagy nyom\u00e1ssal a hordoz\u00f3 (jellemz\u0151en pap\u00edr) fel\u00fclet\u00e9re pr\u00e9sel\u00fcnk. A v\u00e9geredm\u00e9ny egy\u00a0kellemes tapint\u00e1s\u00fa, magas f\u00e9ny\u0171 fel\u00fclet\u00a0(f\u00e9nyes f\u00f3lia eset\u00e9n), amely\u00a0ellen\u00e1ll a mechanikai s\u00e9r\u00fcl\u00e9seknek. A\u00a0matt f\u00f3li\u00e1k\u00a0alkalmaz\u00e1s\u00e1val\u00a0egy b\u00e1rsonyos fel\u00fcletet kapunk, amelyen az\u00a0ujjlenyomatok is kev\u00e9sb\u00e9 l\u00e1tszanak meg, \u00edgy azt ig\u00e9nyesebb kiadv\u00e1nyokhoz aj\u00e1nljuk. Metaliz\u00e1lt f\u00f3lia A Prospektus nyomda\u00a0magas szint\u0171 innov\u00e1ci\u00f3ja nyom\u00e1n olyan technol\u00f3gi\u00e1kkal \u00e1ll \u00fcgyfelei rendelkez\u00e9s\u00e9re, amellyel k\u00e9pes\u00a0a legegyedibb ig\u00e9nyek kiel\u00e9g\u00edt\u00e9s\u00e9re\u00a0is. Ilyen technol\u00f3gia az UV nyomtat\u00e1s is, amelyet a Prospektus nyomda vezetett be els\u0151k\u00e9nt Magyarorsz\u00e1gon. Ezen technol\u00f3gi\u00e1t a Heidelberg CD-74 nyom\u00f3g\u00e9p\u00fcnk reprezent\u00e1lja, amelyen UV f\u00e9ny vil\u00e1g\u00edtja meg az alkalmazott nyomathordoz\u00f3t, aminek hat\u00e1s\u00e1ra a fest\u00e9kben l\u00e1ncreakci\u00f3 j\u00e1tsz\u00f3dik le, \u00e9s a fest\u00e9k pillanatszer\u0171en polimeriz\u00e1l\u00f3dik. Ennek k\u00f6sz\u00f6nhet\u0151en a g\u00e9p, tetsz\u0151leges m\u0171anyag alap\u00fa nyomathordoz\u00f3k \u00e9s metaliz\u00e1lt fel\u00fcletek nyomtat\u00e1s\u00e1ra is alkalmas! A\u00a0metaliz\u00e1lt nyomathordoz\u00f3 egy pap\u00edralap\u00fa hordoz\u00f3ra felhordott\u00a0f\u00e9mg\u0151z\u00f6lt f\u00f3lia, amelynek megnyomtat\u00e1s\u00e1val a grafik\u00e1k igaz\u00e1n egyedi\u00a0f\u00e9mes hat\u00e1s\u00e1t\u00a0\u00e9rj\u00fck el. A kialakult fel\u00fclet\u00a0v\u00edz\u00e1ll\u00f3 k\u00e9pess\u00e9ggel rendelkezik. A metaliz\u00e1lt fel\u00fcletek fed\u0151 feh\u00e9r \u00e9s color sz\u00ednekkel t\u00f6rt\u00e9n\u0151 nyomtat\u00e1sa, valamint ezek effekt lakkos kombin\u00e1l\u00e1s\u00e1val a fel\u00fcletek l\u00e1tv\u00e1ny\u00e1nak v\u00e9gtelen vari\u00e1l\u00e1sa \u00e1ll rendelkez\u00e9sre. Ezt tov\u00e1bb lehet fokozni a meleg pr\u00e9gel\u00e9s \u00e9s a vakdombor\u00edt\u00e1s adta...","protected":false},"author":1,"featured_media":0,"parent":0,"menu_order":0,"comment_status":"closed","ping_status":"closed","template":"","meta":{"om_disable_all_campaigns":false,"rs_blank_template":"","rs_page_bg_color":"","slide_template_v7":"","_monsterinsights_skip_tracking":false,"_monsterinsights_sitenote_active":false,"_monsterinsights_sitenote_note":"","_monsterinsights_sitenote_category":0,"footnotes":""},"class_list":["post-22525","page","type-page","status-publish","hentry"],"translation":{"provider":"WPGlobus","version":"3.0.2","language":"gb","enabled_languages":["hu","gb","de"],"languages":{"hu":{"title":true,"content":true,"excerpt":false},"gb":{"title":true,"content":true,"excerpt":false},"de":{"title":true,"content":true,"excerpt":false}}},"aioseo_notices":[],"_links":{"self":[{"href":"https:\/\/prospektusnyomda.hu\/gb\/wp-json\/wp\/v2\/pages\/22525","targetHints":{"allow":["GET"]}}],"collection":[{"href":"https:\/\/prospektusnyomda.hu\/gb\/wp-json\/wp\/v2\/pages"}],"about":[{"href":"https:\/\/prospektusnyomda.hu\/gb\/wp-json\/wp\/v2\/types\/page"}],"author":[{"embeddable":true,"href":"https:\/\/prospektusnyomda.hu\/gb\/wp-json\/wp\/v2\/users\/1"}],"replies":[{"embeddable":true,"href":"https:\/\/prospektusnyomda.hu\/gb\/wp-json\/wp\/v2\/comments?post=22525"}],"version-history":[{"count":5,"href":"https:\/\/prospektusnyomda.hu\/gb\/wp-json\/wp\/v2\/pages\/22525\/revisions"}],"predecessor-version":[{"id":23070,"href":"https:\/\/prospektusnyomda.hu\/gb\/wp-json\/wp\/v2\/pages\/22525\/revisions\/23070"}],"wp:attachment":[{"href":"https:\/\/prospektusnyomda.hu\/gb\/wp-json\/wp\/v2\/media?parent=22525"}],"curies":[{"name":"wp","href":"https:\/\/api.w.org\/{rel}","templated":true}]}}