{"id":22540,"date":"2020-05-06T06:28:24","date_gmt":"2020-05-06T06:28:24","guid":{"rendered":"http:\/\/prospektusnyomda.hu\/?page_id=22540"},"modified":"2025-11-17T14:23:10","modified_gmt":"2025-11-17T14:23:10","slug":"tanusitvanyok","status":"publish","type":"page","link":"https:\/\/prospektusnyomda.hu\/gb\/tanusitvanyok\/","title":{"rendered":"Certificates"},"content":{"rendered":"<div class=\"wpb-content-wrapper\"><section class=\"vc_row wpb_row vc_row-fluid\"><div class=\"wpb_column vc_column_container vc_col-sm-6  col-xs-mobile-fullwidth\"><div class=\"vc_column-inner \"><div class=\"wpb_wrapper\">[vc_custom_heading text=&#8221;Prospektus Kft &#8211; Certificates ISO 9001 HU&#8221; font_container=&#8221;tag:h4|text_align:center&#8221; use_theme_fonts=&#8221;yes&#8221; link=&#8221;|||&#8221;][vc_btn title=&#8221;Download certificate&#8221; color=&#8221;danger&#8221; align=&#8221;center&#8221; i_icon_fontawesome=&#8221;fas fa-download&#8221; add_icon=&#8221;true&#8221; link=&#8221;url:http%3A%2F%2Fprospektusnyomda.hu%2Fwp-content%2Fuploads%2F2020%2F06%2FProspektus-Kft-Tan%C3%BAs%C3%ADtv%C3%A1ny-9001-HU.pdf|||&#8221;][vc_empty_space height=&#8221;50px&#8221;][vc_custom_heading text=&#8221;Prospektus Kft &#8211; Certificates ISO 9001 DE&#8221; font_container=&#8221;tag:h4|text_align:center&#8221; use_theme_fonts=&#8221;yes&#8221; link=&#8221;|||&#8221;][vc_btn title=&#8221;Download certificate&#8221; color=&#8221;danger&#8221; align=&#8221;center&#8221; i_icon_fontawesome=&#8221;fas fa-download&#8221; add_icon=&#8221;true&#8221; link=&#8221;url:http%3A%2F%2Fprospektusnyomda.hu%2Fwp-content%2Fuploads%2F2020%2F06%2FProspektus-Kft-Tan%C3%BAs%C3%ADtv%C3%A1ny-9001-DE.pdf|||&#8221;]<\/div><\/div><\/div><div class=\"wpb_column vc_column_container vc_col-sm-6  col-xs-mobile-fullwidth\"><div class=\"vc_column-inner \"><div class=\"wpb_wrapper\">[vc_custom_heading text=&#8221;Prospektus Kft &#8211; Certificates ISO 14001 HU&#8221; font_container=&#8221;tag:h4|text_align:center&#8221; use_theme_fonts=&#8221;yes&#8221; link=&#8221;|||&#8221;][vc_btn title=&#8221;Download certificate&#8221; color=&#8221;danger&#8221; align=&#8221;center&#8221; i_icon_fontawesome=&#8221;fas fa-download&#8221; add_icon=&#8221;true&#8221; link=&#8221;url:http%3A%2F%2Fprospektusnyomda.hu%2Fwp-content%2Fuploads%2F2020%2F06%2FProspektus-Kft-Tan%C3%BAs%C3%ADtv%C3%A1ny-14001-HU.pdf|||&#8221;][vc_empty_space height=&#8221;50px&#8221;][vc_custom_heading text=&#8221;Prospektus Kft &#8211; Certificates ISO 14001 DE&#8221; font_container=&#8221;tag:h4|text_align:center&#8221; use_theme_fonts=&#8221;yes&#8221; link=&#8221;|||&#8221;][vc_btn title=&#8221;Download certificate&#8221; color=&#8221;danger&#8221; align=&#8221;center&#8221; i_icon_fontawesome=&#8221;fas fa-download&#8221; add_icon=&#8221;true&#8221; link=&#8221;url:http%3A%2F%2Fprospektusnyomda.hu%2Fwp-content%2Fuploads%2F2020%2F06%2FProspektus-Kft-Tan%C3%BAs%C3%ADtv%C3%A1ny-14001-DE.pdf|||&#8221;]<\/div><\/div><\/div><\/section>\n<\/div>","protected":false},"excerpt":{"rendered":"{:hu}[vc_custom_heading text=\"Prospektus Kft - Tan\u00fas\u00edtv\u00e1ny ISO 9001 HU\" font_container=\"tag:h4|text_align:center\" use_theme_fonts=\"yes\" css=\"\" link=\"url:https%3A%2F%2Fprospektusnyomda.hu%2Fwp-content%2Fuploads%2F2025%2F11%2FProspektus-Kft-2025-Tanusitvany-9001-HU.pdf|target:_blank\"][vc_btn title=\"Tanus\u00edtv\u00e1ny let\u00f6lt\u00e9se\" color=\"danger\" align=\"center\" i_icon_fontawesome=\"fas fa-download\" css=\"\" add_icon=\"true\" link=\"url:https%3A%2F%2Fprospektusnyomda.hu%2Fwp-content%2Fuploads%2F2025%2F11%2FProspektus-Kft-2025-Tanusitvany-9001-HU.pdf|target:_blank\"][vc_empty_space height=\"50px\"][vc_custom_heading text=\"Prospektus Kft - Tan\u00fas\u00edtv\u00e1ny ISO 9001 DE\" font_container=\"tag:h4|text_align:center\" use_theme_fonts=\"yes\" css=\"\" link=\"url:https%3A%2F%2Fprospektusnyomda.hu%2Fwp-content%2Fuploads%2F2025%2F11%2FProspektus-Kft-2025-Tanusitvany-9001-DE.pdf|target:_blank\"][vc_btn title=\"Tanus\u00edtv\u00e1ny let\u00f6lt\u00e9se\" color=\"danger\" align=\"center\" i_icon_fontawesome=\"fas fa-download\" css=\"\" add_icon=\"true\" link=\"url:https%3A%2F%2Fprospektusnyomda.hu%2Fwp-content%2Fuploads%2F2025%2F11%2FProspektus-Kft-2025-Tanusitvany-9001-DE.pdf|target:_blank\"][vc_custom_heading text=\"Prospektus Kft - Tan\u00fas\u00edtv\u00e1ny ISO 14001 HU\" font_container=\"tag:h4|text_align:center\" use_theme_fonts=\"yes\" css=\"\" link=\"url:https%3A%2F%2Fprospektusnyomda.hu%2Fwp-content%2Fuploads%2F2025%2F11%2FProspektus-Kft-2025-Tanusitvany-14001-HU.pdf|target:_blank\"][vc_btn title=\"Tanus\u00edtv\u00e1ny let\u00f6lt\u00e9se\" color=\"danger\" align=\"center\" i_icon_fontawesome=\"fas fa-download\" css=\"\" add_icon=\"true\" link=\"url:https%3A%2F%2Fprospektusnyomda.hu%2Fwp-content%2Fuploads%2F2025%2F11%2FProspektus-Kft-2025-Tanusitvany-14001-HU.pdf|target:_blank\"][vc_empty_space height=\"50px\"][vc_custom_heading text=\"Prospektus Kft - Tan\u00fas\u00edtv\u00e1ny ISO 14001 DE\" font_container=\"tag:h4|text_align:center\" use_theme_fonts=\"yes\" css=\"\" link=\"url:https%3A%2F%2Fprospektusnyomda.hu%2Fwp-content%2Fuploads%2F2025%2F11%2FProspektus-Kft-2025-Tanusitvany-14001-DE.pdf|target:_blank\"][vc_btn title=\"Tanus\u00edtv\u00e1ny let\u00f6lt\u00e9se\" color=\"danger\" align=\"center\" i_icon_fontawesome=\"fas fa-download\" css=\"\" add_icon=\"true\" link=\"url:https%3A%2F%2Fprospektusnyomda.hu%2Fwp-content%2Fuploads%2F2025%2F11%2FProspektus-Kft-2025-Tanusitvany-14001-DE.pdf|target:_blank\"]{:}{:gb}[vc_custom_heading text=\"Prospektus Kft - Certificates ISO 9001 HU\" font_container=\"tag:h4|text_align:center\" use_theme_fonts=\"yes\" link=\"|||\"][vc_btn title=\"Download certificate\" color=\"danger\" align=\"center\" i_icon_fontawesome=\"fas fa-download\" add_icon=\"true\" link=\"url:http%3A%2F%2Fprospektusnyomda.hu%2Fwp-content%2Fuploads%2F2020%2F06%2FProspektus-Kft-Tan%C3%BAs%C3%ADtv%C3%A1ny-9001-HU.pdf|||\"][vc_empty_space height=\"50px\"][vc_custom_heading text=\"Prospektus Kft - Certificates ISO 9001 DE\" font_container=\"tag:h4|text_align:center\" use_theme_fonts=\"yes\" link=\"|||\"][vc_btn title=\"Download certificate\" color=\"danger\" align=\"center\" i_icon_fontawesome=\"fas fa-download\" add_icon=\"true\" link=\"url:http%3A%2F%2Fprospektusnyomda.hu%2Fwp-content%2Fuploads%2F2020%2F06%2FProspektus-Kft-Tan%C3%BAs%C3%ADtv%C3%A1ny-9001-DE.pdf|||\"][vc_custom_heading text=\"Prospektus Kft - Certificates ISO 14001 HU\" font_container=\"tag:h4|text_align:center\" use_theme_fonts=\"yes\" link=\"|||\"][vc_btn title=\"Download certificate\" color=\"danger\" align=\"center\" i_icon_fontawesome=\"fas fa-download\" add_icon=\"true\" link=\"url:http%3A%2F%2Fprospektusnyomda.hu%2Fwp-content%2Fuploads%2F2020%2F06%2FProspektus-Kft-Tan%C3%BAs%C3%ADtv%C3%A1ny-14001-HU.pdf|||\"][vc_empty_space height=\"50px\"][vc_custom_heading text=\"Prospektus Kft - Certificates ISO 14001 DE\" font_container=\"tag:h4|text_align:center\" use_theme_fonts=\"yes\" link=\"|||\"][vc_btn title=\"Download certificate\" color=\"danger\" align=\"center\" i_icon_fontawesome=\"fas fa-download\" add_icon=\"true\" link=\"url:http%3A%2F%2Fprospektusnyomda.hu%2Fwp-content%2Fuploads%2F2020%2F06%2FProspektus-Kft-Tan%C3%BAs%C3%ADtv%C3%A1ny-14001-DE.pdf|||\"]{:}{:de}[vc_custom_heading text=\"Prospektus Kft - Zertifikat ISO 9001 HU\" font_container=\"tag:h4|text_align:center\" use_theme_fonts=\"yes\" link=\"|||\"][vc_btn title=\"Zertifikat herunterladen\" color=\"danger\" align=\"center\" i_icon_fontawesome=\"fas fa-download\" add_icon=\"true\" link=\"url:http%3A%2F%2Fprospektusnyomda.hu%2Fwp-content%2Fuploads%2F2020%2F06%2FProspektus-Kft-Tan%C3%BAs%C3%ADtv%C3%A1ny-9001-HU.pdf|||\"][vc_empty_space height=\"50px\"][vc_custom_heading text=\"Prospektus Kft - Zertifikat ISO 9001 DE\" font_container=\"tag:h4|text_align:center\" use_theme_fonts=\"yes\" link=\"|||\"][vc_btn title=\"Zertifikat herunterladen\" color=\"danger\" align=\"center\" i_icon_fontawesome=\"fas fa-download\" add_icon=\"true\" link=\"url:http%3A%2F%2Fprospektusnyomda.hu%2Fwp-content%2Fuploads%2F2020%2F06%2FProspektus-Kft-Tan%C3%BAs%C3%ADtv%C3%A1ny-9001-DE.pdf|||\"][vc_custom_heading text=\"Prospektus Kft - Zertifikat ISO 14001...","protected":false},"author":1,"featured_media":0,"parent":0,"menu_order":0,"comment_status":"closed","ping_status":"closed","template":"","meta":{"om_disable_all_campaigns":false,"rs_blank_template":"","rs_page_bg_color":"","slide_template_v7":"","_monsterinsights_skip_tracking":false,"_monsterinsights_sitenote_active":false,"_monsterinsights_sitenote_note":"","_monsterinsights_sitenote_category":0,"footnotes":""},"class_list":["post-22540","page","type-page","status-publish","hentry"],"translation":{"provider":"WPGlobus","version":"3.0.2","language":"gb","enabled_languages":["hu","gb","de"],"languages":{"hu":{"title":true,"content":true,"excerpt":false},"gb":{"title":true,"content":true,"excerpt":false},"de":{"title":true,"content":true,"excerpt":false}}},"aioseo_notices":[],"_links":{"self":[{"href":"https:\/\/prospektusnyomda.hu\/gb\/wp-json\/wp\/v2\/pages\/22540","targetHints":{"allow":["GET"]}}],"collection":[{"href":"https:\/\/prospektusnyomda.hu\/gb\/wp-json\/wp\/v2\/pages"}],"about":[{"href":"https:\/\/prospektusnyomda.hu\/gb\/wp-json\/wp\/v2\/types\/page"}],"author":[{"embeddable":true,"href":"https:\/\/prospektusnyomda.hu\/gb\/wp-json\/wp\/v2\/users\/1"}],"replies":[{"embeddable":true,"href":"https:\/\/prospektusnyomda.hu\/gb\/wp-json\/wp\/v2\/comments?post=22540"}],"version-history":[{"count":9,"href":"https:\/\/prospektusnyomda.hu\/gb\/wp-json\/wp\/v2\/pages\/22540\/revisions"}],"predecessor-version":[{"id":23469,"href":"https:\/\/prospektusnyomda.hu\/gb\/wp-json\/wp\/v2\/pages\/22540\/revisions\/23469"}],"wp:attachment":[{"href":"https:\/\/prospektusnyomda.hu\/gb\/wp-json\/wp\/v2\/media?parent=22540"}],"curies":[{"name":"wp","href":"https:\/\/api.w.org\/{rel}","templated":true}]}}