{"id":22546,"date":"2020-05-06T06:29:05","date_gmt":"2020-05-06T06:29:05","guid":{"rendered":"http:\/\/prospektusnyomda.hu\/?page_id=22546"},"modified":"2020-08-31T11:51:35","modified_gmt":"2020-08-31T11:51:35","slug":"ekaer","status":"publish","type":"page","link":"https:\/\/prospektusnyomda.hu\/gb\/ekaer\/","title":{"rendered":"Electronic Trade and Transport Control System"},"content":{"rendered":"<div class=\"wpb-content-wrapper\"><section class=\"vc_row wpb_row vc_row-fluid\"><div class=\"wpb_column vc_column_container vc_col-sm-12  col-xs-mobile-fullwidth\"><div class=\"vc_column-inner \"><div class=\"wpb_wrapper\"><div class=\"last-paragraph-no-margin\"><h2 style=\"text-align: center;\"><strong>EKAER number and the EKAER system<\/strong><\/h2>\n<p style=\"text-align: center;\">EKAER stands for Electronic Trade and Transport Control System (<em>\u2018elektronikus k\u00f6z\u00fati \u00e1ruforgalom-ellen\u0151rz\u0151 rendszer\u2019<\/em>). The new regulations making the use of the system mandatory in Hungary will take effect as of January 1st, 2015. aiming to filter out VAT fraud and minimize their possibility in public road transit to the fullest possible extent. Therefore it will monitor goods trafficking inside Hungary and also goods transported on public roads between member states of the European Union.<\/p>\n<p style=\"text-align: center;\"><strong>How does the EKAER number work?<\/strong><\/p>\n<p style=\"text-align: center;\">For transporting goods on public roads via any motor vehicles subject to charge it will be required to apply for an EKAER number. Every number will be valid for 15 days and those organizing and executing the transit must have them as it must be presented during potential roadside checks by the authorities.<\/p>\n<p style=\"text-align: center;\"><strong>Who is subject to toll paying in Hungary?<\/strong><\/p>\n<p style=\"text-align: center;\">In Hungary only vehicles over 3,5 tons are subject to paying usage-proportional road toll when using highways and other and other roads and road sections defined by law. This toll is proportional to the distance traveled on tolled roads and is determined by the axle number and EURO class of the vehicle. Vehicles under 3,5 tons using tolled roads, e.g. highways have to pay toll in a vignette system, where the toll is not proportional to the distance traveled but a fixed price have to paid for a certain period of time.<\/p>\n<p>&nbsp;<\/p>\n<p style=\"text-align: center;\"><strong>Who have to pay the road toll?<\/strong><\/p>\n<p style=\"text-align: center;\">Those who transport goods to Hungary using public roads from member states of the European Union, who transport goods from Hungary to member states of the European Union and everyone engaging in taxable product selling via public road transportation not targeting end users are obliged to apply for an EKAER number for every transport.<\/p>\n<p style=\"text-align: center;\">Law also recognizes potentially hazardous foods and potentially hazardous products. Detailed regulations on hazardous products will be defined by a decree which will be issued by the Ministry of National Economy; details of this regulation are not yet known.<\/p>\n<p style=\"text-align: center;\">It applies to these products, that over a certain weight and value limit they are subject to notification even is transporting is carried out by a vehicle which is no subject to paying usage-proportional toll. In the case of hazardous foods the limit for notification is a minimum of 200 kilograms or a value 250 000 forints without taxes for one recipient. In the case of other hazardous products for one recipient the limit is a minimum of 500 kilograms or a value of 1 million forints without taxes.<\/p>\n<p style=\"text-align: center;\">Every vehicle which transports international aid and every military vehicle are exempt from the obligation of applying for an EKAER number.<\/p>\n<p style=\"text-align: center;\"><strong>Who has to pay a security deposit?<\/strong><\/p>\n<p style=\"text-align: center;\">All taxpayers engaged in activities involving transportation using public roads and transporting hazardous products has to pay a security deposit. Wage transport is exempt from this rule.<\/p>\n<p style=\"text-align: center;\">Regulation gives a detailed description about how the security deposit should be calculated. If a transporter starts multiple shipments at the same time or has multiple shipments on the way, they only have to pay a security deposit for the one with the most value.<\/p>\n<p style=\"text-align: center;\">Obligation to provide a security deposit can be fulfilled either by paying the required amount of money to the account created by the national tax authority of via guarantee. The authority provides an opportunity for query and monitoring on an electronic interface for taxpayers who are obliged to pay a deposit.<\/p>\n<p style=\"text-align: center;\">Exempt from paying a security deposit are all taxpayers, who are registered in the system of the national tax authority as qualified taxpayers; and all taxpayers who are registered in the database for public debt-free taxpayers for at least two years and their tax number is not under suspension at the time of statement.<\/p>\n<p style=\"text-align: center;\"><strong>What are the consequences of an offense concerning the EKAER number?<\/strong><\/p>\n<p style=\"text-align: center;\">If the type of the cargo, risk factors or lack of consistency between the cargo and its designation justifies it, or if the taxpayer in question refuses declaration, the authority locks down the cargo so its identity can be verified, except in the case of live animals and highly perishable products. This can be done via sealing the cargo or cargo space with an official seal, the integrity of which can be verified by the authority in the country. Removal of the seal is a decision to be made by the authority.<\/p>\n<p style=\"text-align: center;\">If the taxpayer fails to meet their obligation to apply for an EKAER number or to report the entire shipment, than the shipment or its undeclared part is considered a product of unverified origin, and the authority can impose a default penalty. Default penalty can be a maximum 40% of the value of the product of unverified origin.<\/p>\n<p style=\"text-align: center;\">Besides the imposed penalty the authority can lock down products meeting in value the amount of the penalty, except if the cargo comprises live animals or highly perishable products. Imposer of the fine shall issue a decree, make a report and size the products or transport them for preservation on the expense of the taxpayer.<\/p>\n<p style=\"text-align: center;\"><strong>Regulations of the EKAER must be applied in the case of all transports which the taxpayer starts after 1st January, 2015.<\/strong><\/p>\n<\/div><\/div><\/div><\/div><\/section>\n<\/div>","protected":false},"excerpt":{"rendered":"{:hu}Mi az Elektronikus K\u00f6z\u00fati \u00c1ruforgalom Ellen\u0151rz\u0151 Rendszer? &nbsp; \u00daj fegyvere van a korm\u00e1nynak az \u00e1facsal\u00e1s visszaszor\u00edt\u00e1s\u00e1ra, ez pedig nem m\u00e1s, mint az EK\u00c1ER, ami m\u00e1r szerepel a 2015-\u00f6s ad\u00f3v\u00e1ltoz\u00e1sok k\u00f6z\u00f6tt. Aki ennek nem tesz eleget, az hat\u00f3s\u00e1gi z\u00e1rral, igen komoly mulaszt\u00e1si b\u00edrs\u00e1ggal, lefoglal\u00e1ssal sz\u00e1molhat. &nbsp; Mit takar pontosan az EK\u00c1ER sz\u00e1m \u00e9s az EK\u00c1ER rendszer fogalma? Megv\u00e1ltozik az ad\u00f3z\u00e1s rendj\u00e9r\u0151l sz\u00f3l\u00f3 t\u00f6rv\u00e9ny a j\u00f6v\u0151 \u00e9vt\u0151l. A legnagyobb v\u00e1ltoz\u00e1s minden k\u00e9ts\u00e9get kiz\u00e1r\u00f3an az lesz, hogy l\u00e9trej\u00f6n az \u00e1facsal\u00e1sok visszaszor\u00edt\u00e1s\u00e1ra kialak\u00edtott k\u00f6z\u00fati \u00e1ruforgalom-ellen\u0151rz\u0151 rendszer (EKAER). Az EKAER-nek k\u00f6sz\u00f6nhet\u0151en ellen\u0151rizhet\u0151v\u00e9 v\u00e1lik az EU b\u00e1rmely tag\u00e1llam\u00e1b\u00f3l Magyarorsz\u00e1gra, vagy ford\u00edtva, Magyarorsz\u00e1gr\u00f3l egy EU-s orsz\u00e1gba ir\u00e1nyul\u00f3, az adott term\u00e9k k\u00f6z\u00faton val\u00f3 fuvaroz\u00e1s\u00e1val, valamint az orsz\u00e1gon bel\u00fcl t\u00f6rt\u00e9n\u0151 k\u00f6z\u00fati fuvaroz\u00e1s\u00e1val \u00f6sszef\u00fcgg\u0151 ad\u00f3k\u00f6telezetts\u00e9gek teljes\u00edt\u00e9se. K\u00f6telez\u0151 bejelent\u00e9s K\u00f6z\u00fati fuvaroz\u00e1ssal j\u00e1r\u00f3 tev\u00e9kenys\u00e9get a j\u00f6v\u0151 \u00e9v janu\u00e1r elsej\u00e9t\u0151l csak olyan ad\u00f3z\u00f3 folytathat, aki rendelkezik Elektronikus K\u00f6z\u00fati \u00c1ruforgalom Ellen\u0151rz\u0151 Rendszer (EK\u00c1ER) sz\u00e1mmal. A szab\u00e1lyoz\u00e1s akkor \u00e9rv\u00e9nyes, ha: \u00datd\u00edjk\u00f6teles g\u00e9pj\u00e1rm\u0171vel v\u00e9gzik a k\u00f6z\u00fati fuvaroz\u00e1st a)\u00a0az Eur\u00f3pai Uni\u00f3 valamely tag\u00e1llam\u00e1b\u00f3l Magyarorsz\u00e1gra hoznak be term\u00e9ket, b)\u00a0Magyarorsz\u00e1g az Eur\u00f3pai Uni\u00f3 valamelyik orsz\u00e1g\u00e1ba visznek ki term\u00e9ket, c)\u00a0belf\u00f6ldi forgalomban, els\u0151 ad\u00f3k\u00f6teles term\u00e9k\u00e9rt\u00e9kes\u00edt\u00e9s eset\u00e9n nem v\u00e9gfelhaszn\u00e1l\u00f3 sz\u00e1m\u00e1ra. Ha az el\u0151bb felsorolt esetek b\u00e1rmelyike fenn\u00e1ll, az ad\u00f3z\u00f3k k\u00f6telesek az \u00e1llami ad\u00f3- \u00e9s v\u00e1mhat\u00f3s\u00e1ghoz bejelent\u00e9st tenni, az ad\u00f3z\u00e1s rendj\u00e9r\u0151l sz\u00f3l\u00f3 t\u00f6rv\u00e9ny...","protected":false},"author":1,"featured_media":0,"parent":0,"menu_order":0,"comment_status":"closed","ping_status":"closed","template":"","meta":{"om_disable_all_campaigns":false,"rs_blank_template":"","rs_page_bg_color":"","slide_template_v7":"","_monsterinsights_skip_tracking":false,"_monsterinsights_sitenote_active":false,"_monsterinsights_sitenote_note":"","_monsterinsights_sitenote_category":0,"footnotes":""},"class_list":["post-22546","page","type-page","status-publish","hentry"],"translation":{"provider":"WPGlobus","version":"3.0.2","language":"gb","enabled_languages":["hu","gb","de"],"languages":{"hu":{"title":true,"content":true,"excerpt":false},"gb":{"title":true,"content":true,"excerpt":false},"de":{"title":true,"content":true,"excerpt":false}}},"aioseo_notices":[],"_links":{"self":[{"href":"https:\/\/prospektusnyomda.hu\/gb\/wp-json\/wp\/v2\/pages\/22546","targetHints":{"allow":["GET"]}}],"collection":[{"href":"https:\/\/prospektusnyomda.hu\/gb\/wp-json\/wp\/v2\/pages"}],"about":[{"href":"https:\/\/prospektusnyomda.hu\/gb\/wp-json\/wp\/v2\/types\/page"}],"author":[{"embeddable":true,"href":"https:\/\/prospektusnyomda.hu\/gb\/wp-json\/wp\/v2\/users\/1"}],"replies":[{"embeddable":true,"href":"https:\/\/prospektusnyomda.hu\/gb\/wp-json\/wp\/v2\/comments?post=22546"}],"version-history":[{"count":6,"href":"https:\/\/prospektusnyomda.hu\/gb\/wp-json\/wp\/v2\/pages\/22546\/revisions"}],"predecessor-version":[{"id":22714,"href":"https:\/\/prospektusnyomda.hu\/gb\/wp-json\/wp\/v2\/pages\/22546\/revisions\/22714"}],"wp:attachment":[{"href":"https:\/\/prospektusnyomda.hu\/gb\/wp-json\/wp\/v2\/media?parent=22546"}],"curies":[{"name":"wp","href":"https:\/\/api.w.org\/{rel}","templated":true}]}}